{"id":925,"date":"2021-03-15T09:41:03","date_gmt":"2021-03-15T09:41:03","guid":{"rendered":"http:\/\/maesha.eu\/notice-legale\/"},"modified":"2022-09-20T13:07:03","modified_gmt":"2022-09-20T13:07:03","slug":"notice-legale","status":"publish","type":"page","link":"https:\/\/maesha.eu\/fr\/notice-legale\/","title":{"rendered":"Notice L\u00e9gale"},"content":{"rendered":"<p>[et_pb_section fb_built=\u00a0\u00bb1&Prime; _builder_version=\u00a0\u00bb4.9.0&Prime; _module_preset=\u00a0\u00bbdefault\u00a0\u00bb][et_pb_row _builder_version=\u00a0\u00bb4.9.0&Prime; _module_preset=\u00a0\u00bbdefault\u00a0\u00bb][et_pb_column type=\u00a0\u00bb4_4&Prime; _builder_version=\u00a0\u00bb4.9.0&Prime; _module_preset=\u00a0\u00bbdefault\u00a0\u00bb][et_pb_text _builder_version=\u00a0\u00bb4.9.0&Prime; _module_preset=\u00a0\u00bbdefault\u00a0\u00bb]<\/p>\n<h1><strong>NOTICE LEGALE<\/strong><\/h1>\n<p>[\/et_pb_text][et_pb_text _builder_version=\u00a0\u00bb4.9.0&Prime; _module_preset=\u00a0\u00bbdefault\u00a0\u00bb]<\/p>\n<h2><strong>Responsabilit\u00e9 du contenu<\/strong><\/h2>\n<p>En aucun cas, l&rsquo;\u00e9diteur ou ses fournisseurs ne pourront \u00eatre tenus responsables de tout dommage (y compris, mais sans s&rsquo;y limiter, les dommages li\u00e9s \u00e0 la perte de donn\u00e9es ou de b\u00e9n\u00e9fices, ou \u00e0 l&rsquo;interruption des activit\u00e9s) r\u00e9sultant de l&rsquo;utilisation ou de l&rsquo;impossibilit\u00e9 d&rsquo;utiliser le mat\u00e9riel du site Internet de l&rsquo;\u00e9diteur, m\u00eame si l&rsquo;\u00e9diteur ou un repr\u00e9sentant autoris\u00e9 de l&rsquo;\u00e9diteur a \u00e9t\u00e9 inform\u00e9 oralement ou par \u00e9crit de la possibilit\u00e9 de tels dommages. \u00c9tant donn\u00e9 que certaines juridictions n&rsquo;autorisent pas les limitations des garanties implicites ou les limitations de responsabilit\u00e9 pour les dommages cons\u00e9cutifs ou accidentels, ces limitations peuvent ne pas s&rsquo;appliquer \u00e0 vous.<\/p>\n<p>[\/et_pb_text][et_pb_text _builder_version=\u00a0\u00bb4.9.0&Prime; _module_preset=\u00a0\u00bbdefault\u00a0\u00bb]<\/p>\n<h2><strong>Droits d&rsquo;auteur<\/strong><\/h2>\n<p>Le contenu et les travaux fournis sur ces pages Web sont r\u00e9gis par les lois fran\u00e7aises sur le droit d&rsquo;auteur. La duplication, le traitement, la distribution ou toute forme de commercialisation de ce mat\u00e9riel au-del\u00e0 du champ d&rsquo;application de la loi sur les droits d&rsquo;auteur n\u00e9cessite le consentement \u00e9crit pr\u00e9alable de son auteur ou cr\u00e9ateur respectif.<\/p>\n<p>[\/et_pb_text][et_pb_text _builder_version=\u00a0\u00bb4.9.0&Prime; _module_preset=\u00a0\u00bbdefault\u00a0\u00bb hover_enabled=\u00a0\u00bb0&Prime; sticky_enabled=\u00a0\u00bb0&Prime;]<\/p>\n<h2><strong>Google Analytics<\/strong><\/h2>\n<p>Ce site Web utilise Google Analytics, un service d&rsquo;analyse Web fourni par Google Inc. (\u00ab\u00a0Google\u00a0\u00bb). Google Analytics utilise des \u00ab\u00a0cookies\u00a0\u00bb, qui sont des fichiers texte plac\u00e9s sur votre ordinateur, pour aider le site internet \u00e0 analyser l&rsquo;utilisation du site par ses utilisateurs. Les informations g\u00e9n\u00e9r\u00e9es par les cookies concernant votre utilisation du site (y compris votre adresse IP) seront transmises et stock\u00e9es par Google sur des serveurs situ\u00e9s aux \u00c9tats-Unis. En cas d&rsquo;activation de l&rsquo;anonymisation IP, Google tronque\/anonymise le dernier octet de l&rsquo;adresse IP pour les \u00c9tats membres de l&rsquo;Union europ\u00e9enne ainsi que pour les autres parties \u00e0 l&rsquo;accord sur l&rsquo;Espace \u00e9conomique europ\u00e9en. Ce n&rsquo;est que dans des cas exceptionnels que l&rsquo;adresse IP compl\u00e8te est envoy\u00e9e et raccourcie par les serveurs de Google aux \u00c9tats-Unis. Au nom du fournisseur du site web, Google utilisera ces informations dans le but d&rsquo;\u00e9valuer votre utilisation du site web, de compiler des rapports sur l&rsquo;activit\u00e9 du site web pour les op\u00e9rateurs du site web et de fournir d&rsquo;autres services li\u00e9s \u00e0 l&rsquo;activit\u00e9 du site web et \u00e0 l&rsquo;utilisation d&rsquo;Internet au fournisseur du site web. Google ne recoupera pas votre adresse IP avec toute autre donn\u00e9e d\u00e9tenue par Google. Vous pouvez refuser l&rsquo;utilisation de cookies en s\u00e9lectionnant les param\u00e8tres appropri\u00e9s de votre navigateur. Nous attirons toutefois votre attention sur le fait que, dans ce cas, vous ne pourrez peut-\u00eatre pas utiliser toutes les fonctionnalit\u00e9s de ce site web. En outre, vous pouvez emp\u00eacher la collecte et l&rsquo;utilisation par Google des donn\u00e9es (cookies et adresse IP) en t\u00e9l\u00e9chargeant et en installant le plug-in de navigateur disponible \u00e0 l\u2019adresse : https:\/\/tools.google.com\/dlpage\/gaoptout?hl=en-GB.<\/p>\n<p>[\/et_pb_text][\/et_pb_column][\/et_pb_row][\/et_pb_section]<\/p>\n","protected":false},"excerpt":{"rendered":"<p>NOTICE LEGALEResponsabilit\u00e9 du contenu En aucun cas, l&rsquo;\u00e9diteur ou ses fournisseurs ne pourront \u00eatre tenus responsables de tout dommage (y compris, mais sans s&rsquo;y limiter, les dommages li\u00e9s \u00e0 la perte de donn\u00e9es ou de b\u00e9n\u00e9fices, ou \u00e0 l&rsquo;interruption des activit\u00e9s) r\u00e9sultant de l&rsquo;utilisation ou de l&rsquo;impossibilit\u00e9 d&rsquo;utiliser le mat\u00e9riel du site Internet de l&rsquo;\u00e9diteur, [&hellip;]<\/p>\n","protected":false},"author":1,"featured_media":0,"parent":0,"menu_order":0,"comment_status":"closed","ping_status":"closed","template":"","meta":{"_et_pb_use_builder":"on","_et_pb_old_content":"","_et_gb_content_width":"","footnotes":""},"class_list":["post-925","page","type-page","status-publish","hentry"],"yoast_head":"<!-- This site is optimized with the Yoast SEO plugin v27.3 - https:\/\/yoast.com\/product\/yoast-seo-wordpress\/ -->\n<title>Notice L\u00e9gale - MAESHA<\/title>\n<meta name=\"robots\" content=\"index, follow, max-snippet:-1, max-image-preview:large, max-video-preview:-1\" \/>\n<link rel=\"canonical\" href=\"https:\/\/maesha.eu\/fr\/notice-legale\/\" \/>\n<meta property=\"og:locale\" content=\"fr_FR\" \/>\n<meta property=\"og:type\" content=\"article\" \/>\n<meta property=\"og:title\" content=\"Notice L\u00e9gale - MAESHA\" \/>\n<meta property=\"og:description\" content=\"NOTICE LEGALEResponsabilit\u00e9 du contenu En aucun cas, l&#039;\u00e9diteur ou ses fournisseurs ne pourront \u00eatre tenus responsables de tout dommage (y compris, mais sans s&#039;y limiter, les dommages li\u00e9s \u00e0 la perte de donn\u00e9es ou de b\u00e9n\u00e9fices, ou \u00e0 l&#039;interruption des activit\u00e9s) r\u00e9sultant de l&#039;utilisation ou de l&#039;impossibilit\u00e9 d&#039;utiliser le mat\u00e9riel du site Internet de l&#039;\u00e9diteur, [&hellip;]\" \/>\n<meta property=\"og:url\" content=\"https:\/\/maesha.eu\/fr\/notice-legale\/\" \/>\n<meta property=\"og:site_name\" content=\"MAESHA\" \/>\n<meta property=\"article:modified_time\" content=\"2022-09-20T13:07:03+00:00\" \/>\n<meta name=\"twitter:card\" content=\"summary_large_image\" \/>\n<meta name=\"twitter:label1\" content=\"Dur\u00e9e de lecture estim\u00e9e\" \/>\n\t<meta name=\"twitter:data1\" content=\"3 minutes\" \/>\n<script type=\"application\/ld+json\" class=\"yoast-schema-graph\">{\"@context\":\"https:\\\/\\\/schema.org\",\"@graph\":[{\"@type\":\"WebPage\",\"@id\":\"https:\\\/\\\/maesha.eu\\\/fr\\\/notice-legale\\\/\",\"url\":\"https:\\\/\\\/maesha.eu\\\/fr\\\/notice-legale\\\/\",\"name\":\"Notice L\u00e9gale - MAESHA\",\"isPartOf\":{\"@id\":\"https:\\\/\\\/maesha.eu\\\/#website\"},\"datePublished\":\"2021-03-15T09:41:03+00:00\",\"dateModified\":\"2022-09-20T13:07:03+00:00\",\"breadcrumb\":{\"@id\":\"https:\\\/\\\/maesha.eu\\\/fr\\\/notice-legale\\\/#breadcrumb\"},\"inLanguage\":\"fr-FR\",\"potentialAction\":[{\"@type\":\"ReadAction\",\"target\":[\"https:\\\/\\\/maesha.eu\\\/fr\\\/notice-legale\\\/\"]}]},{\"@type\":\"BreadcrumbList\",\"@id\":\"https:\\\/\\\/maesha.eu\\\/fr\\\/notice-legale\\\/#breadcrumb\",\"itemListElement\":[{\"@type\":\"ListItem\",\"position\":1,\"name\":\"Home\",\"item\":\"https:\\\/\\\/maesha.eu\\\/fr\\\/\"},{\"@type\":\"ListItem\",\"position\":2,\"name\":\"Notice L\u00e9gale\"}]},{\"@type\":\"WebSite\",\"@id\":\"https:\\\/\\\/maesha.eu\\\/#website\",\"url\":\"https:\\\/\\\/maesha.eu\\\/\",\"name\":\"MAESHA\",\"description\":\"Decarbonizing the energy system of Mayotte and other European islands\",\"potentialAction\":[{\"@type\":\"SearchAction\",\"target\":{\"@type\":\"EntryPoint\",\"urlTemplate\":\"https:\\\/\\\/maesha.eu\\\/?s={search_term_string}\"},\"query-input\":{\"@type\":\"PropertyValueSpecification\",\"valueRequired\":true,\"valueName\":\"search_term_string\"}}],\"inLanguage\":\"fr-FR\"}]}<\/script>\n<!-- \/ Yoast SEO plugin. -->","yoast_head_json":{"title":"Notice L\u00e9gale - MAESHA","robots":{"index":"index","follow":"follow","max-snippet":"max-snippet:-1","max-image-preview":"max-image-preview:large","max-video-preview":"max-video-preview:-1"},"canonical":"https:\/\/maesha.eu\/fr\/notice-legale\/","og_locale":"fr_FR","og_type":"article","og_title":"Notice L\u00e9gale - MAESHA","og_description":"NOTICE LEGALEResponsabilit\u00e9 du contenu En aucun cas, l'\u00e9diteur ou ses fournisseurs ne pourront \u00eatre tenus responsables de tout dommage (y compris, mais sans s'y limiter, les dommages li\u00e9s \u00e0 la perte de donn\u00e9es ou de b\u00e9n\u00e9fices, ou \u00e0 l'interruption des activit\u00e9s) r\u00e9sultant de l'utilisation ou de l'impossibilit\u00e9 d'utiliser le mat\u00e9riel du site Internet de l'\u00e9diteur, [&hellip;]","og_url":"https:\/\/maesha.eu\/fr\/notice-legale\/","og_site_name":"MAESHA","article_modified_time":"2022-09-20T13:07:03+00:00","twitter_card":"summary_large_image","twitter_misc":{"Dur\u00e9e de lecture estim\u00e9e":"3 minutes"},"schema":{"@context":"https:\/\/schema.org","@graph":[{"@type":"WebPage","@id":"https:\/\/maesha.eu\/fr\/notice-legale\/","url":"https:\/\/maesha.eu\/fr\/notice-legale\/","name":"Notice L\u00e9gale - MAESHA","isPartOf":{"@id":"https:\/\/maesha.eu\/#website"},"datePublished":"2021-03-15T09:41:03+00:00","dateModified":"2022-09-20T13:07:03+00:00","breadcrumb":{"@id":"https:\/\/maesha.eu\/fr\/notice-legale\/#breadcrumb"},"inLanguage":"fr-FR","potentialAction":[{"@type":"ReadAction","target":["https:\/\/maesha.eu\/fr\/notice-legale\/"]}]},{"@type":"BreadcrumbList","@id":"https:\/\/maesha.eu\/fr\/notice-legale\/#breadcrumb","itemListElement":[{"@type":"ListItem","position":1,"name":"Home","item":"https:\/\/maesha.eu\/fr\/"},{"@type":"ListItem","position":2,"name":"Notice L\u00e9gale"}]},{"@type":"WebSite","@id":"https:\/\/maesha.eu\/#website","url":"https:\/\/maesha.eu\/","name":"MAESHA","description":"Decarbonizing the energy system of Mayotte and other European islands","potentialAction":[{"@type":"SearchAction","target":{"@type":"EntryPoint","urlTemplate":"https:\/\/maesha.eu\/?s={search_term_string}"},"query-input":{"@type":"PropertyValueSpecification","valueRequired":true,"valueName":"search_term_string"}}],"inLanguage":"fr-FR"}]}},"_links":{"self":[{"href":"https:\/\/maesha.eu\/fr\/wp-json\/wp\/v2\/pages\/925","targetHints":{"allow":["GET"]}}],"collection":[{"href":"https:\/\/maesha.eu\/fr\/wp-json\/wp\/v2\/pages"}],"about":[{"href":"https:\/\/maesha.eu\/fr\/wp-json\/wp\/v2\/types\/page"}],"author":[{"embeddable":true,"href":"https:\/\/maesha.eu\/fr\/wp-json\/wp\/v2\/users\/1"}],"replies":[{"embeddable":true,"href":"https:\/\/maesha.eu\/fr\/wp-json\/wp\/v2\/comments?post=925"}],"version-history":[{"count":2,"href":"https:\/\/maesha.eu\/fr\/wp-json\/wp\/v2\/pages\/925\/revisions"}],"predecessor-version":[{"id":927,"href":"https:\/\/maesha.eu\/fr\/wp-json\/wp\/v2\/pages\/925\/revisions\/927"}],"wp:attachment":[{"href":"https:\/\/maesha.eu\/fr\/wp-json\/wp\/v2\/media?parent=925"}],"curies":[{"name":"wp","href":"https:\/\/api.w.org\/{rel}","templated":true}]}}