{"id":928,"date":"2021-02-18T11:31:20","date_gmt":"2021-02-18T11:31:20","guid":{"rendered":"http:\/\/maesha.eu\/horizon-2020\/"},"modified":"2022-09-20T13:11:05","modified_gmt":"2022-09-20T13:11:05","slug":"horizon-2020","status":"publish","type":"page","link":"https:\/\/maesha.eu\/fr\/horizon-2020\/","title":{"rendered":"Horizon 2020"},"content":{"rendered":"<p>[et_pb_section fb_built=\u00a0\u00bb1&Prime; _builder_version=\u00a0\u00bb4.9.0&Prime; _module_preset=\u00a0\u00bbdefault\u00a0\u00bb background_image=\u00a0\u00bbhttp:\/\/maesha.eu\/wp-content\/uploads\/2021\/03\/h2020.jpg\u00a0\u00bb custom_padding=\u00a0\u00bb112px||112px||true|false\u00a0\u00bb][et_pb_row _builder_version=\u00a0\u00bb4.9.0&Prime; _module_preset=\u00a0\u00bbdefault\u00a0\u00bb][et_pb_column type=\u00a0\u00bb4_4&Prime; _builder_version=\u00a0\u00bb4.9.0&Prime; _module_preset=\u00a0\u00bbdefault\u00a0\u00bb][\/et_pb_column][\/et_pb_row][\/et_pb_section][et_pb_section fb_built=\u00a0\u00bb1&Prime; _builder_version=\u00a0\u00bb4.9.0&Prime; _module_preset=\u00a0\u00bbdefault\u00a0\u00bb][et_pb_row _builder_version=\u00a0\u00bb4.9.0&Prime; _module_preset=\u00a0\u00bbdefault\u00a0\u00bb][et_pb_column type=\u00a0\u00bb4_4&Prime; _builder_version=\u00a0\u00bb4.9.0&Prime; _module_preset=\u00a0\u00bbdefault\u00a0\u00bb][et_pb_text _builder_version=\u00a0\u00bb4.9.0&Prime; _module_preset=\u00a0\u00bbdefault\u00a0\u00bb]<\/p>\n<h1>Horizon 2020<\/h1>\n<p>[\/et_pb_text][et_pb_text _builder_version=\u00a0\u00bb4.9.0&Prime; _module_preset=\u00a0\u00bbdefault\u00a0\u00bb]<\/p>\n<p>Horizon 2020 \u00e9tait le principal programme de recherche et d&rsquo;innovation de l&rsquo;Union europ\u00e9enne entre 2014 et 2020, avec pr\u00e8s de 80 milliards d&rsquo;euros de financement disponibles sur cette p\u00e9riode de 7 ans &#8211; sans compter les investissements priv\u00e9s que ce cadre de financement a attir\u00e9s. Il vise \u00e0 multiplier les perc\u00e9es, les d\u00e9couvertes et les premi\u00e8res mondiales en faisant passer les grandes id\u00e9es du laboratoire au march\u00e9.<\/p>\n<p>[\/et_pb_text][et_pb_text _builder_version=\u00a0\u00bb4.9.0&Prime; _module_preset=\u00a0\u00bbdefault\u00a0\u00bb]<\/p>\n<h2>Et apr\u00e8s Horizon 2020 ?<\/h2>\n<p>Horizon Europe est le programme-cadre de recherche et d&rsquo;innovation pour la p\u00e9riode 2021-2027. La Commission europ\u00e9enne a propos\u00e9 de doter ce nouveau programme d&rsquo;une enveloppe de 100 milliards d&rsquo;euros.<br \/> Horizon Europe int\u00e8gre des missions de recherche et d&rsquo;innovation afin d&rsquo;accro\u00eetre l&rsquo;efficacit\u00e9 du financement en poursuivant des objectifs clairement d\u00e9finis. Cinq domaines de mission ont \u00e9t\u00e9 identifi\u00e9s, chacun disposant d&rsquo;un conseil et d&rsquo;une assembl\u00e9e de mission d\u00e9di\u00e9s. Le comit\u00e9 et l&rsquo;assembl\u00e9e aident \u00e0 sp\u00e9cifier, concevoir et mettre en \u0153uvre les missions sp\u00e9cifiques qui seront lanc\u00e9es dans le cadre d&rsquo;Horizon Europe en 2021 :<\/p>\n<ul>\n<li>Adaptation au changement climatique, y compris les transformations soci\u00e9tales<\/li>\n<li>Cancer<\/li>\n<li>Villes intelligentes et neutres en carbone<\/li>\n<li>Sant\u00e9 des oc\u00e9ans, des mers, des eaux c\u00f4ti\u00e8res et int\u00e9rieures<\/li>\n<li>Sant\u00e9 des sols et alimentation<\/li>\n<\/ul>\n<p style=\"text-align: center; margin-top: 2rem\">Pour en savoir plus sur le programme Horizon Europe, cliquez <a href=\"https:\/\/ec.europa.eu\/info\/horizon-europe_en\" target=\"_blank\" rel=\"noopener noreferrer\">ici <\/a><\/p>\n<p>[\/et_pb_text][\/et_pb_column][\/et_pb_row][\/et_pb_section]<\/p>\n","protected":false},"excerpt":{"rendered":"<p>Horizon 2020Horizon 2020 \u00e9tait le principal programme de recherche et d&rsquo;innovation de l&rsquo;Union europ\u00e9enne entre 2014 et 2020, avec pr\u00e8s de 80 milliards d&rsquo;euros de financement disponibles sur cette p\u00e9riode de 7 ans &#8211; sans compter les investissements priv\u00e9s que ce cadre de financement a attir\u00e9s. Il vise \u00e0 multiplier les perc\u00e9es, les d\u00e9couvertes et [&hellip;]<\/p>\n","protected":false},"author":1,"featured_media":0,"parent":0,"menu_order":0,"comment_status":"closed","ping_status":"closed","template":"","meta":{"_et_pb_use_builder":"on","_et_pb_old_content":"","_et_gb_content_width":"","footnotes":""},"class_list":["post-928","page","type-page","status-publish","hentry"],"yoast_head":"<!-- This site is optimized with the Yoast SEO plugin v27.3 - https:\/\/yoast.com\/product\/yoast-seo-wordpress\/ -->\n<title>Horizon 2020 - MAESHA<\/title>\n<meta name=\"robots\" content=\"index, follow, max-snippet:-1, max-image-preview:large, max-video-preview:-1\" \/>\n<link rel=\"canonical\" href=\"https:\/\/maesha.eu\/fr\/horizon-2020\/\" \/>\n<meta property=\"og:locale\" content=\"fr_FR\" \/>\n<meta property=\"og:type\" content=\"article\" \/>\n<meta property=\"og:title\" content=\"Horizon 2020 - MAESHA\" \/>\n<meta property=\"og:description\" content=\"Horizon 2020Horizon 2020 \u00e9tait le principal programme de recherche et d&#039;innovation de l&#039;Union europ\u00e9enne entre 2014 et 2020, avec pr\u00e8s de 80 milliards d&#039;euros de financement disponibles sur cette p\u00e9riode de 7 ans - sans compter les investissements priv\u00e9s que ce cadre de financement a attir\u00e9s. Il vise \u00e0 multiplier les perc\u00e9es, les d\u00e9couvertes et [&hellip;]\" \/>\n<meta property=\"og:url\" content=\"https:\/\/maesha.eu\/fr\/horizon-2020\/\" \/>\n<meta property=\"og:site_name\" content=\"MAESHA\" \/>\n<meta property=\"article:modified_time\" content=\"2022-09-20T13:11:05+00:00\" \/>\n<meta name=\"twitter:card\" content=\"summary_large_image\" \/>\n<meta name=\"twitter:label1\" content=\"Dur\u00e9e de lecture estim\u00e9e\" \/>\n\t<meta name=\"twitter:data1\" content=\"2 minutes\" \/>\n<script type=\"application\/ld+json\" class=\"yoast-schema-graph\">{\"@context\":\"https:\\\/\\\/schema.org\",\"@graph\":[{\"@type\":\"WebPage\",\"@id\":\"https:\\\/\\\/maesha.eu\\\/fr\\\/horizon-2020\\\/\",\"url\":\"https:\\\/\\\/maesha.eu\\\/fr\\\/horizon-2020\\\/\",\"name\":\"Horizon 2020 - MAESHA\",\"isPartOf\":{\"@id\":\"https:\\\/\\\/maesha.eu\\\/#website\"},\"datePublished\":\"2021-02-18T11:31:20+00:00\",\"dateModified\":\"2022-09-20T13:11:05+00:00\",\"breadcrumb\":{\"@id\":\"https:\\\/\\\/maesha.eu\\\/fr\\\/horizon-2020\\\/#breadcrumb\"},\"inLanguage\":\"fr-FR\",\"potentialAction\":[{\"@type\":\"ReadAction\",\"target\":[\"https:\\\/\\\/maesha.eu\\\/fr\\\/horizon-2020\\\/\"]}]},{\"@type\":\"BreadcrumbList\",\"@id\":\"https:\\\/\\\/maesha.eu\\\/fr\\\/horizon-2020\\\/#breadcrumb\",\"itemListElement\":[{\"@type\":\"ListItem\",\"position\":1,\"name\":\"Home\",\"item\":\"https:\\\/\\\/maesha.eu\\\/fr\\\/\"},{\"@type\":\"ListItem\",\"position\":2,\"name\":\"Horizon 2020\"}]},{\"@type\":\"WebSite\",\"@id\":\"https:\\\/\\\/maesha.eu\\\/#website\",\"url\":\"https:\\\/\\\/maesha.eu\\\/\",\"name\":\"MAESHA\",\"description\":\"Decarbonizing the energy system of Mayotte and other European islands\",\"potentialAction\":[{\"@type\":\"SearchAction\",\"target\":{\"@type\":\"EntryPoint\",\"urlTemplate\":\"https:\\\/\\\/maesha.eu\\\/?s={search_term_string}\"},\"query-input\":{\"@type\":\"PropertyValueSpecification\",\"valueRequired\":true,\"valueName\":\"search_term_string\"}}],\"inLanguage\":\"fr-FR\"}]}<\/script>\n<!-- \/ Yoast SEO plugin. -->","yoast_head_json":{"title":"Horizon 2020 - MAESHA","robots":{"index":"index","follow":"follow","max-snippet":"max-snippet:-1","max-image-preview":"max-image-preview:large","max-video-preview":"max-video-preview:-1"},"canonical":"https:\/\/maesha.eu\/fr\/horizon-2020\/","og_locale":"fr_FR","og_type":"article","og_title":"Horizon 2020 - MAESHA","og_description":"Horizon 2020Horizon 2020 \u00e9tait le principal programme de recherche et d'innovation de l'Union europ\u00e9enne entre 2014 et 2020, avec pr\u00e8s de 80 milliards d'euros de financement disponibles sur cette p\u00e9riode de 7 ans - sans compter les investissements priv\u00e9s que ce cadre de financement a attir\u00e9s. Il vise \u00e0 multiplier les perc\u00e9es, les d\u00e9couvertes et [&hellip;]","og_url":"https:\/\/maesha.eu\/fr\/horizon-2020\/","og_site_name":"MAESHA","article_modified_time":"2022-09-20T13:11:05+00:00","twitter_card":"summary_large_image","twitter_misc":{"Dur\u00e9e de lecture estim\u00e9e":"2 minutes"},"schema":{"@context":"https:\/\/schema.org","@graph":[{"@type":"WebPage","@id":"https:\/\/maesha.eu\/fr\/horizon-2020\/","url":"https:\/\/maesha.eu\/fr\/horizon-2020\/","name":"Horizon 2020 - MAESHA","isPartOf":{"@id":"https:\/\/maesha.eu\/#website"},"datePublished":"2021-02-18T11:31:20+00:00","dateModified":"2022-09-20T13:11:05+00:00","breadcrumb":{"@id":"https:\/\/maesha.eu\/fr\/horizon-2020\/#breadcrumb"},"inLanguage":"fr-FR","potentialAction":[{"@type":"ReadAction","target":["https:\/\/maesha.eu\/fr\/horizon-2020\/"]}]},{"@type":"BreadcrumbList","@id":"https:\/\/maesha.eu\/fr\/horizon-2020\/#breadcrumb","itemListElement":[{"@type":"ListItem","position":1,"name":"Home","item":"https:\/\/maesha.eu\/fr\/"},{"@type":"ListItem","position":2,"name":"Horizon 2020"}]},{"@type":"WebSite","@id":"https:\/\/maesha.eu\/#website","url":"https:\/\/maesha.eu\/","name":"MAESHA","description":"Decarbonizing the energy system of Mayotte and other European islands","potentialAction":[{"@type":"SearchAction","target":{"@type":"EntryPoint","urlTemplate":"https:\/\/maesha.eu\/?s={search_term_string}"},"query-input":{"@type":"PropertyValueSpecification","valueRequired":true,"valueName":"search_term_string"}}],"inLanguage":"fr-FR"}]}},"_links":{"self":[{"href":"https:\/\/maesha.eu\/fr\/wp-json\/wp\/v2\/pages\/928","targetHints":{"allow":["GET"]}}],"collection":[{"href":"https:\/\/maesha.eu\/fr\/wp-json\/wp\/v2\/pages"}],"about":[{"href":"https:\/\/maesha.eu\/fr\/wp-json\/wp\/v2\/types\/page"}],"author":[{"embeddable":true,"href":"https:\/\/maesha.eu\/fr\/wp-json\/wp\/v2\/users\/1"}],"replies":[{"embeddable":true,"href":"https:\/\/maesha.eu\/fr\/wp-json\/wp\/v2\/comments?post=928"}],"version-history":[{"count":2,"href":"https:\/\/maesha.eu\/fr\/wp-json\/wp\/v2\/pages\/928\/revisions"}],"predecessor-version":[{"id":930,"href":"https:\/\/maesha.eu\/fr\/wp-json\/wp\/v2\/pages\/928\/revisions\/930"}],"wp:attachment":[{"href":"https:\/\/maesha.eu\/fr\/wp-json\/wp\/v2\/media?parent=928"}],"curies":[{"name":"wp","href":"https:\/\/api.w.org\/{rel}","templated":true}]}}