{"id":940,"date":"2021-02-18T08:51:38","date_gmt":"2021-02-18T08:51:38","guid":{"rendered":"http:\/\/maesha.eu\/cookies\/"},"modified":"2021-02-18T08:51:38","modified_gmt":"2021-02-18T08:51:38","slug":"cookies","status":"publish","type":"page","link":"https:\/\/maesha.eu\/fr\/cookies\/","title":{"rendered":"Cookies"},"content":{"rendered":"<div class=\"cli_pg_page_contaner\">\n<h3>\u00c0 PROPOS DE CETTE POLITIQUE<\/h3>\n<div>La pr\u00e9sente politique en mati\u00e8re de cookies explique ce que sont les cookies et comment nous les utilisons, les types de cookies que nous utilisons, c&rsquo;est-\u00e0-dire les informations que nous recueillons \u00e0 l&rsquo;aide des cookies et comment ces informations sont utilis\u00e9es, et comment contr\u00f4ler les pr\u00e9f\u00e9rences en mati\u00e8re de cookies. Pour plus d&rsquo;informations sur la mani\u00e8re dont nous utilisons, stockons et s\u00e9curisons vos donn\u00e9es personnelles, consultez notre politique de confidentialit\u00e9.<\/p>\n<p>Vous pouvez \u00e0 tout moment modifier ou retirer votre consentement \u00e0 la d\u00e9claration sur les cookies sur notre site web.<br \/>\nPour en savoir plus sur qui nous sommes, comment vous pouvez nous contacter et comment nous traitons les donn\u00e9es personnelles, consultez notre Politique de confidentialit\u00e9.<br \/>\nVotre consentement s&rsquo;applique aux domaines suivants : www.maesha.eu<br \/>\n[user_consent_state]<\/p>\n<\/div>\n<h3>QUE SONT LES COOKIES ?<\/h3>\n<div>Les cookies sont de petits fichiers texte qui sont utilis\u00e9s pour stocker de petits \u00e9l\u00e9ments d&rsquo;information. Ils sont stock\u00e9s sur votre appareil lorsque le site web est charg\u00e9 sur votre navigateur. Ces cookies nous aident \u00e0 faire fonctionner le site web correctement, \u00e0 le rendre plus s\u00fbr, \u00e0 fournir une meilleure exp\u00e9rience utilisateur et \u00e0 comprendre comment le site web fonctionne et \u00e0 analyser ce qui fonctionne et ce qui doit \u00eatre am\u00e9lior\u00e9.<\/div>\n<h3>COMMENT UTILISONS-NOUS LES COOKIES ?<\/h3>\n<div>Comme la plupart des services en ligne, notre site web utilise des cookies de premi\u00e8re partie et de tierce partie \u00e0 plusieurs fins. Les cookies de premi\u00e8re partie sont principalement n\u00e9cessaires pour que le site web fonctionne correctement, et ils ne collectent aucune de vos donn\u00e9es personnellement identifiables.<\/p>\n<p>Les cookies tiers utilis\u00e9s sur notre site web servent principalement \u00e0 comprendre comment le site web fonctionne, comment vous interagissez avec notre site web, \u00e0 assurer la s\u00e9curit\u00e9 de nos services, \u00e0 fournir des publicit\u00e9s qui vous sont pertinentes et, dans l&rsquo;ensemble, \u00e0 vous fournir une exp\u00e9rience utilisateur meilleure et am\u00e9lior\u00e9e et \u00e0 contribuer \u00e0 acc\u00e9l\u00e9rer vos interactions futures avec notre site web.<\/p>\n<\/div>\n<h3>QUELS TYPES DE COOKIES UTILISONS-NOUS ?<\/h3>\n<div>Essentiels : Certains cookies sont essentiels pour que vous puissiez b\u00e9n\u00e9ficier de toutes les fonctionnalit\u00e9s de notre site. Ils nous permettent de maintenir les sessions des utilisateurs et de pr\u00e9venir toute menace de s\u00e9curit\u00e9. Ils ne collectent ni ne stockent aucune information personnelle. Par exemple, ces cookies vous permettent de vous connecter \u00e0 votre compte et d&rsquo;ajouter des produits \u00e0 votre panier, et de passer \u00e0 la caisse en toute s\u00e9curit\u00e9.<\/p>\n<p>Statistiques : Ces cookies stockent des informations telles que le nombre de visiteurs du site web, le nombre de visiteurs uniques, les pages du site web qui ont \u00e9t\u00e9 visit\u00e9es, la source de la visite, etc. Ces donn\u00e9es nous aident \u00e0 comprendre et \u00e0 analyser les performances du site web et les points \u00e0 am\u00e9liorer.<\/p>\n<p>Marketing : Notre site web affiche des publicit\u00e9s. Ces cookies sont utilis\u00e9s pour personnaliser les publicit\u00e9s que nous vous montrons afin qu&rsquo;elles soient significatives pour vous. Ces cookies nous aident \u00e9galement \u00e0 suivre l&rsquo;efficacit\u00e9 de ces campagnes publicitaires.<br \/>\nLes informations stock\u00e9es dans ces cookies peuvent \u00e9galement \u00eatre utilis\u00e9es par les fournisseurs de publicit\u00e9 tiers pour vous montrer des publicit\u00e9s sur d&rsquo;autres sites web sur le navigateur \u00e9galement.<\/p>\n<p>Fonctionnels : Ce sont les cookies qui aident certaines fonctionnalit\u00e9s non essentielles sur notre site web. Ces fonctionnalit\u00e9s comprennent l&rsquo;int\u00e9gration de contenus tels que des vid\u00e9os ou le partage de contenus du site web sur des plateformes de m\u00e9dias sociaux.<\/p>\n<p>Pr\u00e9f\u00e9rences : Ces cookies nous aident \u00e0 stocker vos param\u00e8tres et pr\u00e9f\u00e9rences de navigation, comme les pr\u00e9f\u00e9rences linguistiques, afin que vous ayez une exp\u00e9rience meilleure et efficace lors de vos prochaines visites sur le site web.<br \/>\n[cookie_audit columns=\u00a0\u00bbcookie,description\u00a0\u00bb heading=\u00a0\u00bbThe below list details the cookies used in our website.\u00a0\u00bb]<\/p>\n<\/div>\n<h3>COMMENT PUIS-JE CONTR\u00d4LER LES PR\u00c9F\u00c9RENCES EN MATI\u00c8RE DE COOKIES ?<\/h3>\n<div>Si vous d\u00e9cidez de modifier vos pr\u00e9f\u00e9rences plus tard au cours de votre session de navigation, vous pouvez cliquer sur l&rsquo;onglet \u00ab\u00a0Politique de confidentialit\u00e9 et de cookies\u00a0\u00bb sur votre \u00e9cran. Cela affichera \u00e0 nouveau l&rsquo;avis de consentement vous permettant de modifier vos pr\u00e9f\u00e9rences ou de retirer enti\u00e8rement votre consentement.<\/p>\n<p>En outre, les diff\u00e9rents navigateurs offrent diff\u00e9rentes m\u00e9thodes pour bloquer et supprimer les cookies utilis\u00e9s par les sites web. Vous pouvez modifier les param\u00e8tres de votre navigateur pour bloquer\/supprimer les cookies. Pour en savoir plus sur la mani\u00e8re de g\u00e9rer et de supprimer les cookies, consultez www.wikipedia.org ou www.allaboutcookies.org.<\/p>\n<\/div>\n<\/div>\n","protected":false},"excerpt":{"rendered":"<p>\u00c0 PROPOS DE CETTE POLITIQUE La pr\u00e9sente politique en mati\u00e8re de cookies explique ce que sont les cookies et comment nous les utilisons, les types de cookies que nous utilisons, c&rsquo;est-\u00e0-dire les informations que nous recueillons \u00e0 l&rsquo;aide des cookies et comment ces informations sont utilis\u00e9es, et comment contr\u00f4ler les pr\u00e9f\u00e9rences en mati\u00e8re de cookies. [&hellip;]<\/p>\n","protected":false},"author":1,"featured_media":0,"parent":0,"menu_order":0,"comment_status":"closed","ping_status":"closed","template":"","meta":{"_et_pb_use_builder":"","_et_pb_old_content":"","_et_gb_content_width":"","footnotes":""},"class_list":["post-940","page","type-page","status-publish","hentry"],"yoast_head":"<!-- This site is optimized with the Yoast SEO plugin v27.3 - https:\/\/yoast.com\/product\/yoast-seo-wordpress\/ -->\n<title>Cookies - MAESHA<\/title>\n<meta name=\"robots\" content=\"index, follow, max-snippet:-1, max-image-preview:large, max-video-preview:-1\" \/>\n<link rel=\"canonical\" href=\"https:\/\/maesha.eu\/fr\/cookies\/\" \/>\n<meta property=\"og:locale\" content=\"fr_FR\" \/>\n<meta property=\"og:type\" content=\"article\" \/>\n<meta property=\"og:title\" content=\"Cookies - MAESHA\" \/>\n<meta property=\"og:description\" content=\"\u00c0 PROPOS DE CETTE POLITIQUE La pr\u00e9sente politique en mati\u00e8re de cookies explique ce que sont les cookies et comment nous les utilisons, les types de cookies que nous utilisons, c&rsquo;est-\u00e0-dire les informations que nous recueillons \u00e0 l&rsquo;aide des cookies et comment ces informations sont utilis\u00e9es, et comment contr\u00f4ler les pr\u00e9f\u00e9rences en mati\u00e8re de cookies. [&hellip;]\" \/>\n<meta property=\"og:url\" content=\"https:\/\/maesha.eu\/fr\/cookies\/\" \/>\n<meta property=\"og:site_name\" content=\"MAESHA\" \/>\n<meta name=\"twitter:card\" content=\"summary_large_image\" \/>\n<meta name=\"twitter:label1\" content=\"Dur\u00e9e de lecture estim\u00e9e\" \/>\n\t<meta name=\"twitter:data1\" content=\"4 minutes\" \/>\n<script type=\"application\/ld+json\" class=\"yoast-schema-graph\">{\"@context\":\"https:\\\/\\\/schema.org\",\"@graph\":[{\"@type\":\"WebPage\",\"@id\":\"https:\\\/\\\/maesha.eu\\\/fr\\\/cookies\\\/\",\"url\":\"https:\\\/\\\/maesha.eu\\\/fr\\\/cookies\\\/\",\"name\":\"Cookies - MAESHA\",\"isPartOf\":{\"@id\":\"https:\\\/\\\/maesha.eu\\\/#website\"},\"datePublished\":\"2021-02-18T08:51:38+00:00\",\"breadcrumb\":{\"@id\":\"https:\\\/\\\/maesha.eu\\\/fr\\\/cookies\\\/#breadcrumb\"},\"inLanguage\":\"fr-FR\",\"potentialAction\":[{\"@type\":\"ReadAction\",\"target\":[\"https:\\\/\\\/maesha.eu\\\/fr\\\/cookies\\\/\"]}]},{\"@type\":\"BreadcrumbList\",\"@id\":\"https:\\\/\\\/maesha.eu\\\/fr\\\/cookies\\\/#breadcrumb\",\"itemListElement\":[{\"@type\":\"ListItem\",\"position\":1,\"name\":\"Home\",\"item\":\"https:\\\/\\\/maesha.eu\\\/fr\\\/\"},{\"@type\":\"ListItem\",\"position\":2,\"name\":\"Cookies\"}]},{\"@type\":\"WebSite\",\"@id\":\"https:\\\/\\\/maesha.eu\\\/#website\",\"url\":\"https:\\\/\\\/maesha.eu\\\/\",\"name\":\"MAESHA\",\"description\":\"Decarbonizing the energy system of Mayotte and other European islands\",\"potentialAction\":[{\"@type\":\"SearchAction\",\"target\":{\"@type\":\"EntryPoint\",\"urlTemplate\":\"https:\\\/\\\/maesha.eu\\\/?s={search_term_string}\"},\"query-input\":{\"@type\":\"PropertyValueSpecification\",\"valueRequired\":true,\"valueName\":\"search_term_string\"}}],\"inLanguage\":\"fr-FR\"}]}<\/script>\n<!-- \/ Yoast SEO plugin. -->","yoast_head_json":{"title":"Cookies - MAESHA","robots":{"index":"index","follow":"follow","max-snippet":"max-snippet:-1","max-image-preview":"max-image-preview:large","max-video-preview":"max-video-preview:-1"},"canonical":"https:\/\/maesha.eu\/fr\/cookies\/","og_locale":"fr_FR","og_type":"article","og_title":"Cookies - MAESHA","og_description":"\u00c0 PROPOS DE CETTE POLITIQUE La pr\u00e9sente politique en mati\u00e8re de cookies explique ce que sont les cookies et comment nous les utilisons, les types de cookies que nous utilisons, c&rsquo;est-\u00e0-dire les informations que nous recueillons \u00e0 l&rsquo;aide des cookies et comment ces informations sont utilis\u00e9es, et comment contr\u00f4ler les pr\u00e9f\u00e9rences en mati\u00e8re de cookies. [&hellip;]","og_url":"https:\/\/maesha.eu\/fr\/cookies\/","og_site_name":"MAESHA","twitter_card":"summary_large_image","twitter_misc":{"Dur\u00e9e de lecture estim\u00e9e":"4 minutes"},"schema":{"@context":"https:\/\/schema.org","@graph":[{"@type":"WebPage","@id":"https:\/\/maesha.eu\/fr\/cookies\/","url":"https:\/\/maesha.eu\/fr\/cookies\/","name":"Cookies - MAESHA","isPartOf":{"@id":"https:\/\/maesha.eu\/#website"},"datePublished":"2021-02-18T08:51:38+00:00","breadcrumb":{"@id":"https:\/\/maesha.eu\/fr\/cookies\/#breadcrumb"},"inLanguage":"fr-FR","potentialAction":[{"@type":"ReadAction","target":["https:\/\/maesha.eu\/fr\/cookies\/"]}]},{"@type":"BreadcrumbList","@id":"https:\/\/maesha.eu\/fr\/cookies\/#breadcrumb","itemListElement":[{"@type":"ListItem","position":1,"name":"Home","item":"https:\/\/maesha.eu\/fr\/"},{"@type":"ListItem","position":2,"name":"Cookies"}]},{"@type":"WebSite","@id":"https:\/\/maesha.eu\/#website","url":"https:\/\/maesha.eu\/","name":"MAESHA","description":"Decarbonizing the energy system of Mayotte and other European islands","potentialAction":[{"@type":"SearchAction","target":{"@type":"EntryPoint","urlTemplate":"https:\/\/maesha.eu\/?s={search_term_string}"},"query-input":{"@type":"PropertyValueSpecification","valueRequired":true,"valueName":"search_term_string"}}],"inLanguage":"fr-FR"}]}},"_links":{"self":[{"href":"https:\/\/maesha.eu\/fr\/wp-json\/wp\/v2\/pages\/940","targetHints":{"allow":["GET"]}}],"collection":[{"href":"https:\/\/maesha.eu\/fr\/wp-json\/wp\/v2\/pages"}],"about":[{"href":"https:\/\/maesha.eu\/fr\/wp-json\/wp\/v2\/types\/page"}],"author":[{"embeddable":true,"href":"https:\/\/maesha.eu\/fr\/wp-json\/wp\/v2\/users\/1"}],"replies":[{"embeddable":true,"href":"https:\/\/maesha.eu\/fr\/wp-json\/wp\/v2\/comments?post=940"}],"version-history":[{"count":0,"href":"https:\/\/maesha.eu\/fr\/wp-json\/wp\/v2\/pages\/940\/revisions"}],"wp:attachment":[{"href":"https:\/\/maesha.eu\/fr\/wp-json\/wp\/v2\/media?parent=940"}],"curies":[{"name":"wp","href":"https:\/\/api.w.org\/{rel}","templated":true}]}}