{"id":944,"date":"2021-03-15T09:42:00","date_gmt":"2021-03-15T09:42:00","guid":{"rendered":"http:\/\/maesha.eu\/mentions-legales\/"},"modified":"2022-09-20T14:30:32","modified_gmt":"2022-09-20T14:30:32","slug":"mentions-legales","status":"publish","type":"page","link":"https:\/\/maesha.eu\/fr\/mentions-legales\/","title":{"rendered":"Mentions l\u00e9gales"},"content":{"rendered":"<p>[et_pb_section fb_built=\u00a0\u00bb1&Prime; _builder_version=\u00a0\u00bb4.9.0&Prime; _module_preset=\u00a0\u00bbdefault\u00a0\u00bb][et_pb_row _builder_version=\u00a0\u00bb4.9.0&Prime; _module_preset=\u00a0\u00bbdefault\u00a0\u00bb][et_pb_column type=\u00a0\u00bb4_4&Prime; _builder_version=\u00a0\u00bb4.9.0&Prime; _module_preset=\u00a0\u00bbdefault\u00a0\u00bb][et_pb_text _builder_version=\u00a0\u00bb4.9.0&Prime; _module_preset=\u00a0\u00bbdefault\u00a0\u00bb]<\/p>\n<h1>Mentions l\u00e9gales<\/h1>\n<p>[\/et_pb_text][et_pb_text _builder_version=\u00a0\u00bb4.9.0&Prime; _module_preset=\u00a0\u00bbdefault\u00a0\u00bb]<\/p>\n<h2><strong>Editeur et r\u00e9alisation<\/strong><\/h2>\n<p style=\"text-align: center;\">Euroquality SAS<br \/>\n39 rue Saint Lazare<br \/>\n75009 PARIS<br \/>\nFRANCE\n<\/p>\n<p style=\"text-align: center;\">Euroquality SAS<br \/>\nSite internet : <a href=\"https:\/\/euroquality.fr\" target=\"_blank\" rel=\"noopener\">https:\/\/euroquality.fr<\/a><br \/>\nEmail : contact@euroquality.fr<br \/>\nTel : +33 1 43 87 51 15\n<\/p>\n<p>[\/et_pb_text][et_pb_text _builder_version=\u00a0\u00bb4.9.0&Prime; _module_preset=\u00a0\u00bbdefault\u00a0\u00bb]<\/p>\n<h2><strong>Le consortium du projet est repr\u00e9sent\u00e9 par <\/strong><\/h2>\n<p style=\"text-align: center;\">\nTechnische Universitat Berlin<br \/>\nStra\u00dfe des 17. Juni 135<br \/>\n10623 BERLIN<br \/>\nGERMANY\n<\/p>\n<p style=\"text-align: center;\">\nSite internet : <a href=\"https:\/\/www.tu.berlin\/en\/\" target=\"_blank\" rel=\"noopener\">https:\/\/www.tu.berlin\/en\/ <\/a><br \/>\nEmail: maesha@ensys.tu-berlin.de\n<\/p>\n<p>[\/et_pb_text][et_pb_text _builder_version=\u00a0\u00bb4.9.0&Prime; _module_preset=\u00a0\u00bbdefault\u00a0\u00bb hover_enabled=\u00a0\u00bb0&Prime; sticky_enabled=\u00a0\u00bb0&Prime;]<\/p>\n<h2><strong>Partenaires<\/strong><\/h2>\n<p style=\"text-align: center;\">TECHNISCHE UNIVERSITAT BERLIN<br \/> COBRA INSTALACIONES Y SERVICIOS S.A<br \/> CENTRICA BUSINESS SOLUTIONS BELGIUM<br \/> TRIALOG<br \/> E3-MODELLING A.E.<br \/> CYBERGRID GMBH &amp; CO KG<br \/> TECSOL<br \/> CREARA CONSULTORES SL<br \/> BOVLABS SAS<br \/> HIVE POWER SAGL<br \/> HUDARA GGMBH<br \/> ELECTRICITE DE MAYOTTE<br \/> ASSOCIATION L\u00c9ONARD DE VINCI<br \/> ADMINISTRATION SUPERIEURE DES ILES WALLIS ET FUTUNA<br \/> COLLECTIVITE D&rsquo;OUTRE MER DE SAINT BARTHELEMY<br \/> CONSORCIO PARA EL DISENO, CONSTRUCCION, EQUIPAMIENTO Y EXPLOTACION DE LA PLATAFORMA OCEANICA DE CANARIAS<br \/> COMUNE DI FAVIGNANA<br \/> THE GOZO BUSINESS CHAMBER ASSOCIATION<br \/> CONFERENCE DES REGIONS PERIPHERIQUES MARITIMES D&rsquo;EUROPE \u2013 ASSOCIATION<br \/> GREENINGTHEISLANDS.NET SRL<br \/> EUROQUALITY SAS<\/p>\n<p>[\/et_pb_text][\/et_pb_column][\/et_pb_row][\/et_pb_section][et_pb_section fb_built=\u00a0\u00bb1&Prime; _builder_version=\u00a0\u00bb4.9.0&Prime; _module_preset=\u00a0\u00bbdefault\u00a0\u00bb global_module=\u00a0\u00bb334&Prime;][et_pb_row column_structure=\u00a0\u00bb3_4,1_4&Prime; _builder_version=\u00a0\u00bb4.9.0&Prime; _module_preset=\u00a0\u00bbdefault\u00a0\u00bb custom_css_main_element=\u00a0\u00bbdisplay: flex;||align-items: center;\u00a0\u00bb][et_pb_column type=\u00a0\u00bb3_4&Prime; _builder_version=\u00a0\u00bb4.9.0&Prime; _module_preset=\u00a0\u00bbdefault\u00a0\u00bb][et_pb_code _builder_version=\u00a0\u00bb4.9.0&Prime; _module_preset=\u00a0\u00bbdefault\u00a0\u00bb custom_css_main_element=\u00a0\u00bbdisplay: flex;||align-items: center;\u00a0\u00bb]<\/p>\n<div class=\"row align-items-center\"><!-- [et_pb_line_break_holder] -->  <\/p>\n<div class=\"col-3\"><!-- [et_pb_line_break_holder] -->  \t<img decoding=\"async\" src=\"http:\/\/maesha.eu\/wp-content\/uploads\/2021\/02\/eu-flag.png\" alt=\"eu-flag\"><!-- [et_pb_line_break_holder] -->\t<\/div>\n<p><!-- [et_pb_line_break_holder] -->  <\/p>\n<div class=\"col\"><!-- [et_pb_line_break_holder] -->  \t<pee><!-- [et_pb_line_break_holder] --> Ce projet a re\u00e7u un financement de l\u2019Union Europ\u00e9enne dans le cadre du programme de recherche et d\u2019innovation Horizon 2020 par l\u2019accord de financement n\u00b0957843. Cette publication ne refl\u00e8te que le point de vue de l&rsquo;auteur et l&rsquo;Union europ\u00e9enne ne peut \u00eatre tenue responsable de l&rsquo;usage qui pourrait \u00eatre fait des informations qu&rsquo;elle contient.<!-- [et_pb_line_break_holder] -->    <\/pee><!-- [et_pb_line_break_holder] -->\t<\/div>\n<p><!-- [et_pb_line_break_holder] --><\/div>\n<p>[\/et_pb_code][\/et_pb_column][et_pb_column type=\u00a0\u00bb1_4&Prime; _builder_version=\u00a0\u00bb4.9.0&Prime; _module_preset=\u00a0\u00bbdefault\u00a0\u00bb][et_pb_text _builder_version=\u00a0\u00bb4.9.0&Prime; _module_preset=\u00a0\u00bbdefault\u00a0\u00bb]<\/p>\n<p style=\"text-align: center;\"><span><a href=\"http:\/\/maesha.eu\/fr\/cookies\/\">Politique de confidentialit\u00e9<\/a> | <a href=\"http:\/\/maesha.eu\/fr\/notice-legale\/\">Notice l\u00e9gale<\/a><\/span><br \/> <span><a href=\"http:\/\/maesha.eu#contact\">Contact<\/a> | <a href=\"http:\/\/maesha.eu\/fr\/mentions-legales\/\">Mentions l\u00e9gales<\/a><\/span><\/p>\n<p>[\/et_pb_text][\/et_pb_column][\/et_pb_row][\/et_pb_section]<\/p>\n","protected":false},"excerpt":{"rendered":"<p>Mentions l\u00e9galesEditeur et r\u00e9alisation Euroquality SAS 39 rue Saint Lazare 75009 PARIS FRANCE Euroquality SAS Site internet : https:\/\/euroquality.fr Email : contact@euroquality.fr Tel : +33 1 43 87 51 15 Le consortium du projet est repr\u00e9sent\u00e9 par Technische Universitat Berlin Stra\u00dfe des 17. Juni 135 10623 BERLIN GERMANY Site internet : https:\/\/www.tu.berlin\/en\/ Email: maesha@ensys.tu-berlin.de Partenaires [&hellip;]<\/p>\n","protected":false},"author":1,"featured_media":0,"parent":0,"menu_order":0,"comment_status":"closed","ping_status":"closed","template":"","meta":{"_et_pb_use_builder":"on","_et_pb_old_content":"","_et_gb_content_width":"","footnotes":""},"class_list":["post-944","page","type-page","status-publish","hentry"],"yoast_head":"<!-- This site is optimized with the Yoast SEO plugin v27.4 - https:\/\/yoast.com\/product\/yoast-seo-wordpress\/ -->\n<title>Mentions l\u00e9gales - MAESHA<\/title>\n<meta name=\"robots\" content=\"index, follow, max-snippet:-1, max-image-preview:large, max-video-preview:-1\" \/>\n<link rel=\"canonical\" href=\"https:\/\/maesha.eu\/fr\/mentions-legales\/\" \/>\n<meta property=\"og:locale\" content=\"fr_FR\" \/>\n<meta property=\"og:type\" content=\"article\" \/>\n<meta property=\"og:title\" content=\"Mentions l\u00e9gales - MAESHA\" \/>\n<meta property=\"og:description\" content=\"Mentions l\u00e9galesEditeur et r\u00e9alisation Euroquality SAS 39 rue Saint Lazare 75009 PARIS FRANCE Euroquality SAS Site internet : https:\/\/euroquality.fr Email : contact@euroquality.fr Tel : +33 1 43 87 51 15 Le consortium du projet est repr\u00e9sent\u00e9 par Technische Universitat Berlin Stra\u00dfe des 17. Juni 135 10623 BERLIN GERMANY Site internet : https:\/\/www.tu.berlin\/en\/ Email: maesha@ensys.tu-berlin.de Partenaires [&hellip;]\" \/>\n<meta property=\"og:url\" content=\"https:\/\/maesha.eu\/fr\/mentions-legales\/\" \/>\n<meta property=\"og:site_name\" content=\"MAESHA\" \/>\n<meta property=\"article:modified_time\" content=\"2022-09-20T14:30:32+00:00\" \/>\n<meta property=\"og:image\" content=\"http:\/\/maesha.eu\/wp-content\/uploads\/2021\/02\/eu-flag.png\" \/>\n<meta name=\"twitter:card\" content=\"summary_large_image\" \/>\n<meta name=\"twitter:label1\" content=\"Dur\u00e9e de lecture estim\u00e9e\" \/>\n\t<meta name=\"twitter:data1\" content=\"2 minutes\" \/>\n<script type=\"application\/ld+json\" class=\"yoast-schema-graph\">{\"@context\":\"https:\\\/\\\/schema.org\",\"@graph\":[{\"@type\":\"WebPage\",\"@id\":\"https:\\\/\\\/maesha.eu\\\/fr\\\/mentions-legales\\\/\",\"url\":\"https:\\\/\\\/maesha.eu\\\/fr\\\/mentions-legales\\\/\",\"name\":\"Mentions l\u00e9gales - MAESHA\",\"isPartOf\":{\"@id\":\"https:\\\/\\\/maesha.eu\\\/#website\"},\"primaryImageOfPage\":{\"@id\":\"https:\\\/\\\/maesha.eu\\\/fr\\\/mentions-legales\\\/#primaryimage\"},\"image\":{\"@id\":\"https:\\\/\\\/maesha.eu\\\/fr\\\/mentions-legales\\\/#primaryimage\"},\"thumbnailUrl\":\"http:\\\/\\\/maesha.eu\\\/wp-content\\\/uploads\\\/2021\\\/02\\\/eu-flag.png\",\"datePublished\":\"2021-03-15T09:42:00+00:00\",\"dateModified\":\"2022-09-20T14:30:32+00:00\",\"breadcrumb\":{\"@id\":\"https:\\\/\\\/maesha.eu\\\/fr\\\/mentions-legales\\\/#breadcrumb\"},\"inLanguage\":\"fr-FR\",\"potentialAction\":[{\"@type\":\"ReadAction\",\"target\":[\"https:\\\/\\\/maesha.eu\\\/fr\\\/mentions-legales\\\/\"]}]},{\"@type\":\"ImageObject\",\"inLanguage\":\"fr-FR\",\"@id\":\"https:\\\/\\\/maesha.eu\\\/fr\\\/mentions-legales\\\/#primaryimage\",\"url\":\"http:\\\/\\\/maesha.eu\\\/wp-content\\\/uploads\\\/2021\\\/02\\\/eu-flag.png\",\"contentUrl\":\"http:\\\/\\\/maesha.eu\\\/wp-content\\\/uploads\\\/2021\\\/02\\\/eu-flag.png\"},{\"@type\":\"BreadcrumbList\",\"@id\":\"https:\\\/\\\/maesha.eu\\\/fr\\\/mentions-legales\\\/#breadcrumb\",\"itemListElement\":[{\"@type\":\"ListItem\",\"position\":1,\"name\":\"Home\",\"item\":\"https:\\\/\\\/maesha.eu\\\/fr\\\/\"},{\"@type\":\"ListItem\",\"position\":2,\"name\":\"Mentions l\u00e9gales\"}]},{\"@type\":\"WebSite\",\"@id\":\"https:\\\/\\\/maesha.eu\\\/#website\",\"url\":\"https:\\\/\\\/maesha.eu\\\/\",\"name\":\"MAESHA\",\"description\":\"Decarbonizing the energy system of Mayotte and other European islands\",\"potentialAction\":[{\"@type\":\"SearchAction\",\"target\":{\"@type\":\"EntryPoint\",\"urlTemplate\":\"https:\\\/\\\/maesha.eu\\\/?s={search_term_string}\"},\"query-input\":{\"@type\":\"PropertyValueSpecification\",\"valueRequired\":true,\"valueName\":\"search_term_string\"}}],\"inLanguage\":\"fr-FR\"}]}<\/script>\n<!-- \/ Yoast SEO plugin. -->","yoast_head_json":{"title":"Mentions l\u00e9gales - MAESHA","robots":{"index":"index","follow":"follow","max-snippet":"max-snippet:-1","max-image-preview":"max-image-preview:large","max-video-preview":"max-video-preview:-1"},"canonical":"https:\/\/maesha.eu\/fr\/mentions-legales\/","og_locale":"fr_FR","og_type":"article","og_title":"Mentions l\u00e9gales - MAESHA","og_description":"Mentions l\u00e9galesEditeur et r\u00e9alisation Euroquality SAS 39 rue Saint Lazare 75009 PARIS FRANCE Euroquality SAS Site internet : https:\/\/euroquality.fr Email : contact@euroquality.fr Tel : +33 1 43 87 51 15 Le consortium du projet est repr\u00e9sent\u00e9 par Technische Universitat Berlin Stra\u00dfe des 17. Juni 135 10623 BERLIN GERMANY Site internet : https:\/\/www.tu.berlin\/en\/ Email: maesha@ensys.tu-berlin.de Partenaires [&hellip;]","og_url":"https:\/\/maesha.eu\/fr\/mentions-legales\/","og_site_name":"MAESHA","article_modified_time":"2022-09-20T14:30:32+00:00","og_image":[{"url":"http:\/\/maesha.eu\/wp-content\/uploads\/2021\/02\/eu-flag.png","type":"","width":"","height":""}],"twitter_card":"summary_large_image","twitter_misc":{"Dur\u00e9e de lecture estim\u00e9e":"2 minutes"},"schema":{"@context":"https:\/\/schema.org","@graph":[{"@type":"WebPage","@id":"https:\/\/maesha.eu\/fr\/mentions-legales\/","url":"https:\/\/maesha.eu\/fr\/mentions-legales\/","name":"Mentions l\u00e9gales - MAESHA","isPartOf":{"@id":"https:\/\/maesha.eu\/#website"},"primaryImageOfPage":{"@id":"https:\/\/maesha.eu\/fr\/mentions-legales\/#primaryimage"},"image":{"@id":"https:\/\/maesha.eu\/fr\/mentions-legales\/#primaryimage"},"thumbnailUrl":"http:\/\/maesha.eu\/wp-content\/uploads\/2021\/02\/eu-flag.png","datePublished":"2021-03-15T09:42:00+00:00","dateModified":"2022-09-20T14:30:32+00:00","breadcrumb":{"@id":"https:\/\/maesha.eu\/fr\/mentions-legales\/#breadcrumb"},"inLanguage":"fr-FR","potentialAction":[{"@type":"ReadAction","target":["https:\/\/maesha.eu\/fr\/mentions-legales\/"]}]},{"@type":"ImageObject","inLanguage":"fr-FR","@id":"https:\/\/maesha.eu\/fr\/mentions-legales\/#primaryimage","url":"http:\/\/maesha.eu\/wp-content\/uploads\/2021\/02\/eu-flag.png","contentUrl":"http:\/\/maesha.eu\/wp-content\/uploads\/2021\/02\/eu-flag.png"},{"@type":"BreadcrumbList","@id":"https:\/\/maesha.eu\/fr\/mentions-legales\/#breadcrumb","itemListElement":[{"@type":"ListItem","position":1,"name":"Home","item":"https:\/\/maesha.eu\/fr\/"},{"@type":"ListItem","position":2,"name":"Mentions l\u00e9gales"}]},{"@type":"WebSite","@id":"https:\/\/maesha.eu\/#website","url":"https:\/\/maesha.eu\/","name":"MAESHA","description":"Decarbonizing the energy system of Mayotte and other European islands","potentialAction":[{"@type":"SearchAction","target":{"@type":"EntryPoint","urlTemplate":"https:\/\/maesha.eu\/?s={search_term_string}"},"query-input":{"@type":"PropertyValueSpecification","valueRequired":true,"valueName":"search_term_string"}}],"inLanguage":"fr-FR"}]}},"_links":{"self":[{"href":"https:\/\/maesha.eu\/fr\/wp-json\/wp\/v2\/pages\/944","targetHints":{"allow":["GET"]}}],"collection":[{"href":"https:\/\/maesha.eu\/fr\/wp-json\/wp\/v2\/pages"}],"about":[{"href":"https:\/\/maesha.eu\/fr\/wp-json\/wp\/v2\/types\/page"}],"author":[{"embeddable":true,"href":"https:\/\/maesha.eu\/fr\/wp-json\/wp\/v2\/users\/1"}],"replies":[{"embeddable":true,"href":"https:\/\/maesha.eu\/fr\/wp-json\/wp\/v2\/comments?post=944"}],"version-history":[{"count":2,"href":"https:\/\/maesha.eu\/fr\/wp-json\/wp\/v2\/pages\/944\/revisions"}],"predecessor-version":[{"id":946,"href":"https:\/\/maesha.eu\/fr\/wp-json\/wp\/v2\/pages\/944\/revisions\/946"}],"wp:attachment":[{"href":"https:\/\/maesha.eu\/fr\/wp-json\/wp\/v2\/media?parent=944"}],"curies":[{"name":"wp","href":"https:\/\/api.w.org\/{rel}","templated":true}]}}