{"id":947,"date":"2021-03-15T09:23:31","date_gmt":"2021-03-15T09:23:31","guid":{"rendered":"http:\/\/maesha.eu\/autres-projets-associes\/"},"modified":"2022-09-20T14:47:24","modified_gmt":"2022-09-20T14:47:24","slug":"autres-projets-associes","status":"publish","type":"page","link":"https:\/\/maesha.eu\/fr\/autres-projets-associes\/","title":{"rendered":"Autres projets associ\u00e9s"},"content":{"rendered":"<p>[et_pb_section fb_built=\u00a0\u00bb1&Prime; _builder_version=\u00a0\u00bb4.9.0&Prime; _module_preset=\u00a0\u00bbdefault\u00a0\u00bb hover_enabled=\u00a0\u00bb0&Prime; sticky_enabled=\u00a0\u00bb0&Prime;][et_pb_row _builder_version=\u00a0\u00bb4.9.0&Prime; _module_preset=\u00a0\u00bbdefault\u00a0\u00bb][et_pb_column type=\u00a0\u00bb4_4&Prime; _builder_version=\u00a0\u00bb4.9.0&Prime; _module_preset=\u00a0\u00bbdefault\u00a0\u00bb][et_pb_text _builder_version=\u00a0\u00bb4.9.0&Prime; _module_preset=\u00a0\u00bbdefault\u00a0\u00bb]<\/p>\n<h1>Autres projets associ\u00e9s<\/h1>\n<p>[\/et_pb_text][et_pb_text _builder_version=\u00a0\u00bb4.9.0&Prime; _module_preset=\u00a0\u00bbdefault\u00a0\u00bb]<\/p>\n<h2>Si vous souhaitez en savoir plus sur la d\u00e9carbonisation des \u00eeles, voici quelques projets li\u00e9s \u00e0 la th\u00e9matique.<\/h2>\n<p>[\/et_pb_text][\/et_pb_column][\/et_pb_row][et_pb_row _builder_version=\u00a0\u00bb4.9.0&Prime; _module_preset=\u00a0\u00bbdefault\u00a0\u00bb][et_pb_column type=\u00a0\u00bb4_4&Prime; _builder_version=\u00a0\u00bb4.9.0&Prime; _module_preset=\u00a0\u00bbdefault\u00a0\u00bb][et_pb_code _builder_version=\u00a0\u00bb4.9.0&Prime; _module_preset=\u00a0\u00bbdefault\u00a0\u00bb]<\/p>\n<table><!-- [et_pb_line_break_holder] -->  <\/p>\n<tr><!-- [et_pb_line_break_holder] -->    <\/p>\n<td><!-- [et_pb_line_break_holder] --> Horizon 2020 &#8211; GIFT <!-- [et_pb_line_break_holder] -->      <!\u2013- [et_pb_br_holder] -\u2013><!-- [et_pb_line_break_holder] -->  2019-2023<!-- [et_pb_line_break_holder] -->      <!\u2013- [et_pb_br_holder] -\u2013><!-- [et_pb_line_break_holder] -->      <img decoding=\"async\" class=\"related-projects__img\" src=\"http:\/\/maesha.eu\/wp-content\/uploads\/2021\/03\/GIFT_logo.png\" alt=\"img\"><!-- [et_pb_line_break_holder] -->\t\t<\/td>\n<p><!-- [et_pb_line_break_holder] -->    <\/p>\n<td><!-- [et_pb_line_break_holder] --> Gr\u00e2ce \u00e0 l&rsquo;\u00e9laboration de multiples solutions innovantes pour la gestion de l&rsquo;\u00e9nergie et la flexibilit\u00e9 des r\u00e9seaux r\u00e9unies au sein d&rsquo;une plateforme intelligente, <strong>GIFT<\/strong> augmentera le taux de p\u00e9n\u00e9tration des sources d&rsquo;\u00e9nergie renouvelables dans le r\u00e9seau des \u00eeles, r\u00e9duisant ainsi leurs besoins en mati\u00e8re de production de diesel et diminuant les \u00e9missions de gaz \u00e0 effet de serre qui y sont directement li\u00e9es.<!-- [et_pb_line_break_holder] -->    <!\u2013- [et_pb_br_holder] -\u2013><!-- [et_pb_line_break_holder] -->     <span class=\"table__learn-more\">Pour en savoir plus, cliquez <a href=\"https:\/\/www.gift-h2020.eu\/\" target=\"_blank\" rel=\"noopener\">ici<\/a><\/span><!-- [et_pb_line_break_holder] -->    <!-- [et_pb_line_break_holder] -->    <\/td>\n<p><!-- [et_pb_line_break_holder] -->  <\/tr>\n<p><!-- [et_pb_line_break_holder] -->  <!-- [et_pb_line_break_holder] -->    <\/p>\n<tr><!-- [et_pb_line_break_holder] -->    <\/p>\n<td><!-- [et_pb_line_break_holder] --> Horizon 2020 &#8211; BRIDGE <!-- [et_pb_line_break_holder] -->      <!\u2013- [et_pb_br_holder] -\u2013><!-- [et_pb_line_break_holder] -->      <img decoding=\"async\" class=\"related-projects__img\" src=\"http:\/\/maesha.eu\/wp-content\/uploads\/2021\/03\/BRIDGE_logo.png\" alt=\"img\"><!-- [et_pb_line_break_holder] -->\t\t<\/td>\n<p><!-- [et_pb_line_break_holder] -->    <\/p>\n<td><!-- [et_pb_line_break_holder] --><strong>BRIDGE<\/strong> est une initiative de la Commission europ\u00e9enne qui r\u00e9unit les projets Horizon 2020 relatifs aux r\u00e9seaux intelligents, au stockage de l&rsquo;\u00e9nergie, aux \u00eeles et \u00e0 la num\u00e9risation afin de cr\u00e9er une vue structur\u00e9e des questions transversales qui sont rencontr\u00e9es dans les projets de d\u00e9monstration et qui peuvent constituer un obstacle \u00e0 l&rsquo;innovation.<!-- [et_pb_line_break_holder] -->    <!\u2013- [et_pb_br_holder] -\u2013><!-- [et_pb_line_break_holder] -->     <span class=\"table__learn-more\">Pour en savoir plus, cliquez <a href=\"https:\/\/www.h2020-bridge.eu\/\" target=\"_blank\" rel=\"noopener\">ici<\/a><\/span><!-- [et_pb_line_break_holder] -->    <!-- [et_pb_line_break_holder] -->    <\/td>\n<p><!-- [et_pb_line_break_holder] -->  <\/tr>\n<p><!-- [et_pb_line_break_holder] -->  <!-- [et_pb_line_break_holder] -->  <\/p>\n<tr><!-- [et_pb_line_break_holder] -->    <\/p>\n<td><!-- [et_pb_line_break_holder] --> Horizon 2020 &#8211; REACT <!-- [et_pb_line_break_holder] -->      <!\u2013- [et_pb_br_holder] -\u2013><!-- [et_pb_line_break_holder] -->  2019-2023<!-- [et_pb_line_break_holder] -->      <!\u2013- [et_pb_br_holder] -\u2013><!-- [et_pb_line_break_holder] -->      <img decoding=\"async\" class=\"related-projects__img\" src=\"http:\/\/maesha.eu\/wp-content\/uploads\/2021\/03\/REACT_logo.png\" alt=\"img\"><!-- [et_pb_line_break_holder] -->\t\t<\/td>\n<p><!-- [et_pb_line_break_holder] -->    <\/p>\n<td><!-- [et_pb_line_break_holder] -->     <strong>REACT<\/strong> fournira une plateforme num\u00e9rique \u00e9volutive bas\u00e9e sur le cloud pour les infrastructures bas\u00e9es sur les \u00e9nergies renouvelables et le stockage et combinera un contr\u00f4le optimal des actifs \u00e9nerg\u00e9tiques appartenant \u00e0 la communaut\u00e9, \u00e0 la fois conventionnels et renouvelables, avec des actions coop\u00e9ratives de r\u00e9ponse \u00e0 la demande en s&rsquo;appuyant sur la mod\u00e9lisation de la production et de la consommation d&rsquo;\u00e9nergie, la d\u00e9tection et le diagnostic des d\u00e9fauts de fonctionnement du r\u00e9seau, l&rsquo;optimisation de l&rsquo;approvisionnement multi-transporteurs et la r\u00e9partition optimale de l&rsquo;\u00e9nergie, tout en permettant des synergies entre diff\u00e9rents r\u00e9seaux \u00e9nerg\u00e9tiques et micro-r\u00e9seaux d&rsquo;\u00eeles.<!-- [et_pb_line_break_holder] -->    <!\u2013- [et_pb_br_holder] -\u2013><!-- [et_pb_line_break_holder] -->     <span class=\"table__learn-more\">Pour en savoir plus, cliquez <a href=\"https:\/\/react2020.eu\/\" target=\"_blank\" rel=\"noopener\">ici<\/a><\/span><!-- [et_pb_line_break_holder] -->    <!-- [et_pb_line_break_holder] -->    <\/td>\n<p><!-- [et_pb_line_break_holder] -->  <\/tr>\n<p><!-- [et_pb_line_break_holder] -->  <!-- [et_pb_line_break_holder] -->  <\/p>\n<tr><!-- [et_pb_line_break_holder] -->    <\/p>\n<td><!-- [et_pb_line_break_holder] --> Horizon 2020 &#8211; INSULAE <!-- [et_pb_line_break_holder] -->      <!\u2013- [et_pb_br_holder] -\u2013><!-- [et_pb_line_break_holder] -->  2019-2023<!-- [et_pb_line_break_holder] -->      <!\u2013- [et_pb_br_holder] -\u2013><!-- [et_pb_line_break_holder] -->      <img decoding=\"async\" class=\"related-projects__img\" src=\"http:\/\/maesha.eu\/wp-content\/uploads\/2021\/03\/INSULAE_logo.png\" alt=\"img\"><!-- [et_pb_line_break_holder] -->\t\t<\/td>\n<p><!-- [et_pb_line_break_holder] -->    <\/p>\n<td><!-- [et_pb_line_break_holder] --> Le projet <strong>INSULAE<\/strong> vise \u00e0 aider les d\u00e9cideurs \u00e0 s\u00e9lectionner et \u00e0 concevoir des plans d&rsquo;action rentables en vue de la d\u00e9carbonisation des \u00eeles. Il est principalement compos\u00e9 de deux modules : l&rsquo;assistant de mod\u00e9lisation des \u00eeles et le module de sc\u00e9narisation. Un outil de planification des investissements est d\u00e9velopp\u00e9 pour cr\u00e9er des plans d&rsquo;action pour les \u00eeles afin de g\u00e9n\u00e9rer leur propre \u00e9nergie durable et \u00e0 faible co\u00fbt.<!-- [et_pb_line_break_holder] -->    <!\u2013- [et_pb_br_holder] -\u2013><!-- [et_pb_line_break_holder] -->     <span class=\"table__learn-more\">Pour en savoir plus, cliquez <a href=\"http:\/\/insulae-h2020.eu\/\" target=\"_blank\" rel=\"noopener\">ici<\/a><\/span><!-- [et_pb_line_break_holder] -->    <!-- [et_pb_line_break_holder] -->    <\/td>\n<p><!-- [et_pb_line_break_holder] -->  <\/tr>\n<p><!-- [et_pb_line_break_holder] -->  <!-- [et_pb_line_break_holder] -->  <\/p>\n<tr><!-- [et_pb_line_break_holder] -->    <\/p>\n<td><!-- [et_pb_line_break_holder] --> Horizon 2020 &#8211; NESOI <!-- [et_pb_line_break_holder] -->      <!\u2013- [et_pb_br_holder] -\u2013><!-- [et_pb_line_break_holder] -->  2019-2023<!-- [et_pb_line_break_holder] -->      <!\u2013- [et_pb_br_holder] -\u2013><!-- [et_pb_line_break_holder] -->      <img decoding=\"async\" class=\"related-projects__img\" src=\"http:\/\/maesha.eu\/wp-content\/uploads\/2021\/03\/NESOI_logo.png\" alt=\"img\"><!-- [et_pb_line_break_holder] -->\t\t<\/td>\n<p><!-- [et_pb_line_break_holder] -->    <\/p>\n<td><!-- [et_pb_line_break_holder] -->    <strong>NESOI<\/strong> soutient des projets \u00e0 diff\u00e9rents stades et met en \u0153uvre des activit\u00e9s de renforcement des capacit\u00e9s et d&rsquo;accompagnement pour assurer la sensibilisation et la capacit\u00e9 du personnel des autorit\u00e9s publiques \u00e0 d\u00e9velopper des projets \u00e0 potentiel d\u2019investissement dans le but de donner aux communaut\u00e9s locales les moyens de la transition \u00e9nerg\u00e9tique. Pour combler le foss\u00e9 entre les fonds disponibles pour la transition \u00e9nerg\u00e9tique des \u00eeles et le manque d&rsquo;expertise locale, NESOI fournit une plateforme o\u00f9 les \u00eeles peuvent acc\u00e9der \u00e0 la fois \u00e0 l&rsquo;aide et au soutien direct.<!-- [et_pb_line_break_holder] -->    <!\u2013- [et_pb_br_holder] -\u2013><!-- [et_pb_line_break_holder] -->     <span class=\"table__learn-more\">Pour en savoir plus, cliquez <a href=\"https:\/\/www.nesoi.eu\/\" target=\"_blank\" rel=\"noopener\">ici<\/a><\/span><!-- [et_pb_line_break_holder] -->    <!-- [et_pb_line_break_holder] -->    <\/td>\n<p><!-- [et_pb_line_break_holder] -->  <\/tr>\n<p><!-- [et_pb_line_break_holder] -->  <!-- [et_pb_line_break_holder] -->  <\/p>\n<tr><!-- [et_pb_line_break_holder] -->    <\/p>\n<td><!-- [et_pb_line_break_holder] --> Horizon 2020 &#8211; INNOPATHS and NAVIGATE<!-- [et_pb_line_break_holder] -->      <!\u2013- [et_pb_br_holder] -\u2013><!-- [et_pb_line_break_holder] -->      <img decoding=\"async\" class=\"related-projects__img\" src=\"http:\/\/maesha.eu\/wp-content\/uploads\/2021\/03\/NAVIGATE_logo.svg\" alt=\"img\"><!-- [et_pb_line_break_holder] -->      <img decoding=\"async\" class=\"related-projects__img\" src=\"http:\/\/maesha.eu\/wp-content\/uploads\/2021\/04\/INNOPATHS_logo.png\" alt=\"img\"><!-- [et_pb_line_break_holder] -->\t\t<\/td>\n<p><!-- [et_pb_line_break_holder] -->    <\/p>\n<td><!-- [et_pb_line_break_holder] --> D\u00e9veloppement d&rsquo;outils innovants de mod\u00e9lisation de l&rsquo;\u00e9conomie de l&rsquo;\u00e9nergie pour explorer les impacts de la transition vers une \u00e9conomie \u00e0 faible \u00e9mission de carbone dans les \u00c9tats membres de l&rsquo;UE. MAESHA s&rsquo;appuiera sur les d\u00e9veloppements de mod\u00e9lisation innovants men\u00e9s dans les projets Horizon 2020 <strong>INNOPATHS<\/strong> et <strong>NAVIGATE<\/strong> , en particulier en ce qui concerne l&rsquo;am\u00e9lioration de la repr\u00e9sentation de la demande d&rsquo;\u00e9nergie, la mod\u00e9lisation plus granulaire des syst\u00e8mes \u00e9lectriques avec un d\u00e9ploiement variable \u00e9lev\u00e9 des EnR et une meilleure compr\u00e9hension de l&rsquo;int\u00e9gration sectorielle entre la demande et l&rsquo;offre d&rsquo;\u00e9nergie, facilit\u00e9e par (entre autres) la r\u00e9ponse \u00e0 la demande, le stockage d&rsquo;\u00e9nergie et les technologies power-to-X. Toutes ces avanc\u00e9es seront int\u00e9gr\u00e9es dans les outils de mod\u00e9lisation d\u00e9velopp\u00e9s dans MAESHA (WP2) qui seront adapt\u00e9s aux \u00eeles.<!-- [et_pb_line_break_holder] -->    <!\u2013- [et_pb_br_holder] -\u2013><!-- [et_pb_line_break_holder] -->     <span class=\"table__learn-more\">Pour en savoir plus sur INNOPATHS, cliquez <a href=\"https:\/\/innopaths.eu\/\" target=\"_blank\" rel=\"noopener\">ici<\/a><\/span><!-- [et_pb_line_break_holder] --> <span class=\"table__learn-more\">Pour en savoir plus sur NAVIGATE, cliquez <a href=\"https:\/\/navigate-h2020.eu\/\" target=\"_blank\" rel=\"noopener\">ici<\/a><\/span><!-- [et_pb_line_break_holder] -->    <!-- [et_pb_line_break_holder] -->    <\/td>\n<p><!-- [et_pb_line_break_holder] -->  <\/tr>\n<p><!-- [et_pb_line_break_holder] -->  <!-- [et_pb_line_break_holder] -->  <\/p>\n<tr><!-- [et_pb_line_break_holder] -->    <\/p>\n<td><!-- [et_pb_line_break_holder] --> Horizon 2020 &#8211; Flexiciency <!-- [et_pb_line_break_holder] -->      <!\u2013- [et_pb_br_holder] -\u2013><!-- [et_pb_line_break_holder] -->  2015-2019<!-- [et_pb_line_break_holder] -->      <!\u2013- [et_pb_br_holder] -\u2013><!-- [et_pb_line_break_holder] -->      <img decoding=\"async\" class=\"related-projects__img\" src=\"http:\/\/maesha.eu\/wp-content\/uploads\/2021\/03\/FLEXICIENCY_logo.png\" alt=\"img\"><!-- [et_pb_line_break_holder] -->\t\t<\/td>\n<p><!-- [et_pb_line_break_holder] -->    <\/p>\n<td><!-- [et_pb_line_break_holder] -->    Le projet <strong>Flexiciency<\/strong> s&rsquo;int\u00e9resse \u00e0 la flexibilit\u00e9 et \u00e0 l&rsquo;efficacit\u00e9 du march\u00e9 europ\u00e9en de l&rsquo;\u00e9nergie, en mettant l&rsquo;accent sur les consommateurs et en utilisant les donn\u00e9es des compteurs intelligents. Plus pr\u00e9cis\u00e9ment, la mission du projet est de cr\u00e9er de nouvelles opportunit\u00e9s pour les entreprises du secteur de l&rsquo;\u00e9nergie et d&rsquo;\u00e9tendre le r\u00f4le de facilitateur de march\u00e9 des gestionnaires de r\u00e9seau de distribution pour les nouveaux services. En tant qu&rsquo;acteurs neutres du march\u00e9, ils peuvent soutenir la cr\u00e9ation de nouvelles opportunit\u00e9s commerciales et de services innovants pour les utilisateurs finaux, sur la base des donn\u00e9es des consommateurs collect\u00e9es par les compteurs intelligents. L&rsquo;initiative marque une \u00e9tape importante vers la r\u00e9alisation des objectifs de 2020 en mati\u00e8re de consommation d&rsquo;\u00e9nergie et d&rsquo;\u00e9missions de CO2, gr\u00e2ce au d\u00e9veloppement de services \u00e9nerg\u00e9tiques avanc\u00e9s et \u00e0 la mise en \u0153uvre de nouvelles politiques et r\u00e9glementations du march\u00e9 qui favorisent la cr\u00e9ation de r\u00e9seaux intelligents, stimulant ainsi l&#8217;emploi et la croissance en Europe.<!-- [et_pb_line_break_holder] -->    <!\u2013- [et_pb_br_holder] -\u2013><!-- [et_pb_line_break_holder] -->     <span class=\"table__learn-more\">Pour en savoir plus, cliquez <a href=\"http:\/\/www.flexiciency-h2020.eu\/\" target=\"_blank\" rel=\"noopener\">ici<\/a><\/span><!-- [et_pb_line_break_holder] -->    <!-- [et_pb_line_break_holder] -->    <\/td>\n<p><!-- [et_pb_line_break_holder] -->  <\/tr>\n<p><!-- [et_pb_line_break_holder] -->  <!-- [et_pb_line_break_holder] -->  <!-- [et_pb_line_break_holder] -->  <\/p>\n<tr><!-- [et_pb_line_break_holder] -->    <\/p>\n<td><!-- [et_pb_line_break_holder] --> Horizon 2020 &#8211; MERLON <!-- [et_pb_line_break_holder] -->      <!\u2013- [et_pb_br_holder] -\u2013><!-- [et_pb_line_break_holder] -->  2019-2021<!-- [et_pb_line_break_holder] -->      <!\u2013- [et_pb_br_holder] -\u2013><!-- [et_pb_line_break_holder] -->      <img decoding=\"async\" class=\"related-projects__img\" src=\"http:\/\/maesha.eu\/wp-content\/uploads\/2021\/03\/MERLON_logo.jpg\" alt=\"img\"><!-- [et_pb_line_break_holder] -->\t\t<\/td>\n<p><!-- [et_pb_line_break_holder] -->    <\/p>\n<td><!-- [et_pb_line_break_holder] -->    <strong>MERLON<\/strong> introduit un cadre int\u00e9gr\u00e9 de gestion modulaire de l&rsquo;\u00e9nergie locale pour l&rsquo;optimisation op\u00e9rationnelle holistique des syst\u00e8mes \u00e9nerg\u00e9tiques locaux en pr\u00e9sence de parts \u00e9lev\u00e9es d&rsquo;EnR distribu\u00e9es. L&rsquo;optimisation dans MERLON s&rsquo;applique \u00e0 de multiples niveaux couvrant la coordination optimale de la production locale, avec la demande et la flexibilit\u00e9 du stockage, ainsi que la flexibilit\u00e9 offerte par les v\u00e9hicules \u00e9lectriques et les centrales de cog\u00e9n\u00e9ration pour faciliter l&rsquo;int\u00e9gration maximale des EnR, \u00e9viter les r\u00e9ductions et satisfaire les besoins d&rsquo;\u00e9quilibrage et auxiliaires du r\u00e9seau.<!-- [et_pb_line_break_holder] --><!-- [et_pb_line_break_holder] -->    <!\u2013- [et_pb_br_holder] -\u2013><!-- [et_pb_line_break_holder] -->     <span class=\"table__learn-more\">Pour en savoir plus, cliquez <a href=\"https:\/\/www.merlon-project.eu\/\" target=\"_blank\" rel=\"noopener\">ici<\/a><\/span><!-- [et_pb_line_break_holder] -->    <!-- [et_pb_line_break_holder] -->    <\/td>\n<p><!-- [et_pb_line_break_holder] -->  <\/tr>\n<p><!-- [et_pb_line_break_holder] -->  <!-- [et_pb_line_break_holder] -->  <\/p>\n<tr><!-- [et_pb_line_break_holder] -->    <\/p>\n<td><!-- [et_pb_line_break_holder] --> ERA-Net &#8211; NEMoGrid<!-- [et_pb_line_break_holder] -->      <!\u2013- [et_pb_br_holder] -\u2013><!-- [et_pb_line_break_holder] -->  2017-2020<!-- [et_pb_line_break_holder] -->      <!\u2013- [et_pb_br_holder] -\u2013><!-- [et_pb_line_break_holder] -->      <img decoding=\"async\" class=\"related-projects__img\" src=\"http:\/\/maesha.eu\/wp-content\/uploads\/2021\/03\/NEMoGRID_logo.png\" alt=\"img\"><!-- [et_pb_line_break_holder] -->\t\t<\/td>\n<p><!-- [et_pb_line_break_holder] -->    <\/p>\n<td><!-- [et_pb_line_break_holder] --> Le projet <strong>NEMoGrid<\/strong> a trois objectifs principaux : concevoir et \u00e9valuer de nouveaux mod\u00e8les commerciaux favorisant l&rsquo;int\u00e9gration au r\u00e9seau de ressources \u00e9nerg\u00e9tiques d\u00e9centralis\u00e9es, encourager la participation active des citoyens et la prise en charge de leur nouveau r\u00f4le de prosommateurs et tester les mod\u00e8les en simulation et les valider dans trois projets pilotes \u00e0 travers l&rsquo;Europe.<!-- [et_pb_line_break_holder] --><!-- [et_pb_line_break_holder] -->    <!\u2013- [et_pb_br_holder] -\u2013><!-- [et_pb_line_break_holder] -->     <span class=\"table__learn-more\">Pour en savoir plus, cliquez <a href=\"https:\/\/nemogrid.eu\/\" target=\"_blank\" rel=\"noopener\">ici<\/a><\/span><!-- [et_pb_line_break_holder] -->    <!-- [et_pb_line_break_holder] -->    <\/td>\n<p><!-- [et_pb_line_break_holder] -->  <\/tr>\n<p><!-- [et_pb_line_break_holder] -->  <!-- [et_pb_line_break_holder] -->  <!-- [et_pb_line_break_holder] --> <!-- [et_pb_line_break_holder] --><\/table>\n<p>[\/et_pb_code][\/et_pb_column][\/et_pb_row][\/et_pb_section]<\/p>\n","protected":false},"excerpt":{"rendered":"<p>Autres projets associ\u00e9sSi vous souhaitez en savoir plus sur la d\u00e9carbonisation des \u00eeles, voici quelques projets li\u00e9s \u00e0 la th\u00e9matique.<\/p>\n","protected":false},"author":1,"featured_media":0,"parent":0,"menu_order":0,"comment_status":"closed","ping_status":"closed","template":"","meta":{"_et_pb_use_builder":"on","_et_pb_old_content":"","_et_gb_content_width":"","footnotes":""},"class_list":["post-947","page","type-page","status-publish","hentry"],"yoast_head":"<!-- This site is optimized with the Yoast SEO plugin v27.3 - https:\/\/yoast.com\/product\/yoast-seo-wordpress\/ -->\n<title>Autres projets associ\u00e9s - MAESHA<\/title>\n<meta name=\"robots\" content=\"index, follow, max-snippet:-1, max-image-preview:large, max-video-preview:-1\" \/>\n<link rel=\"canonical\" href=\"https:\/\/maesha.eu\/fr\/autres-projets-associes\/\" \/>\n<meta property=\"og:locale\" content=\"fr_FR\" \/>\n<meta property=\"og:type\" content=\"article\" \/>\n<meta property=\"og:title\" content=\"Autres projets associ\u00e9s - MAESHA\" \/>\n<meta property=\"og:description\" content=\"Autres projets associ\u00e9sSi vous souhaitez en savoir plus sur la d\u00e9carbonisation des \u00eeles, voici quelques projets li\u00e9s \u00e0 la th\u00e9matique.\" \/>\n<meta property=\"og:url\" content=\"https:\/\/maesha.eu\/fr\/autres-projets-associes\/\" \/>\n<meta property=\"og:site_name\" content=\"MAESHA\" \/>\n<meta property=\"article:modified_time\" content=\"2022-09-20T14:47:24+00:00\" \/>\n<meta property=\"og:image\" content=\"http:\/\/maesha.eu\/wp-content\/uploads\/2021\/03\/GIFT_logo.png\" \/>\n<meta name=\"twitter:card\" content=\"summary_large_image\" \/>\n<meta name=\"twitter:label1\" content=\"Dur\u00e9e de lecture estim\u00e9e\" \/>\n\t<meta name=\"twitter:data1\" content=\"6 minutes\" \/>\n<script type=\"application\/ld+json\" class=\"yoast-schema-graph\">{\"@context\":\"https:\\\/\\\/schema.org\",\"@graph\":[{\"@type\":\"WebPage\",\"@id\":\"https:\\\/\\\/maesha.eu\\\/fr\\\/autres-projets-associes\\\/\",\"url\":\"https:\\\/\\\/maesha.eu\\\/fr\\\/autres-projets-associes\\\/\",\"name\":\"Autres projets associ\u00e9s - MAESHA\",\"isPartOf\":{\"@id\":\"https:\\\/\\\/maesha.eu\\\/#website\"},\"primaryImageOfPage\":{\"@id\":\"https:\\\/\\\/maesha.eu\\\/fr\\\/autres-projets-associes\\\/#primaryimage\"},\"image\":{\"@id\":\"https:\\\/\\\/maesha.eu\\\/fr\\\/autres-projets-associes\\\/#primaryimage\"},\"thumbnailUrl\":\"http:\\\/\\\/maesha.eu\\\/wp-content\\\/uploads\\\/2021\\\/03\\\/GIFT_logo.png\",\"datePublished\":\"2021-03-15T09:23:31+00:00\",\"dateModified\":\"2022-09-20T14:47:24+00:00\",\"breadcrumb\":{\"@id\":\"https:\\\/\\\/maesha.eu\\\/fr\\\/autres-projets-associes\\\/#breadcrumb\"},\"inLanguage\":\"fr-FR\",\"potentialAction\":[{\"@type\":\"ReadAction\",\"target\":[\"https:\\\/\\\/maesha.eu\\\/fr\\\/autres-projets-associes\\\/\"]}]},{\"@type\":\"ImageObject\",\"inLanguage\":\"fr-FR\",\"@id\":\"https:\\\/\\\/maesha.eu\\\/fr\\\/autres-projets-associes\\\/#primaryimage\",\"url\":\"http:\\\/\\\/maesha.eu\\\/wp-content\\\/uploads\\\/2021\\\/03\\\/GIFT_logo.png\",\"contentUrl\":\"http:\\\/\\\/maesha.eu\\\/wp-content\\\/uploads\\\/2021\\\/03\\\/GIFT_logo.png\"},{\"@type\":\"BreadcrumbList\",\"@id\":\"https:\\\/\\\/maesha.eu\\\/fr\\\/autres-projets-associes\\\/#breadcrumb\",\"itemListElement\":[{\"@type\":\"ListItem\",\"position\":1,\"name\":\"Home\",\"item\":\"https:\\\/\\\/maesha.eu\\\/fr\\\/\"},{\"@type\":\"ListItem\",\"position\":2,\"name\":\"Autres projets associ\u00e9s\"}]},{\"@type\":\"WebSite\",\"@id\":\"https:\\\/\\\/maesha.eu\\\/#website\",\"url\":\"https:\\\/\\\/maesha.eu\\\/\",\"name\":\"MAESHA\",\"description\":\"Decarbonizing the energy system of Mayotte and other European islands\",\"potentialAction\":[{\"@type\":\"SearchAction\",\"target\":{\"@type\":\"EntryPoint\",\"urlTemplate\":\"https:\\\/\\\/maesha.eu\\\/?s={search_term_string}\"},\"query-input\":{\"@type\":\"PropertyValueSpecification\",\"valueRequired\":true,\"valueName\":\"search_term_string\"}}],\"inLanguage\":\"fr-FR\"}]}<\/script>\n<!-- \/ Yoast SEO plugin. -->","yoast_head_json":{"title":"Autres projets associ\u00e9s - MAESHA","robots":{"index":"index","follow":"follow","max-snippet":"max-snippet:-1","max-image-preview":"max-image-preview:large","max-video-preview":"max-video-preview:-1"},"canonical":"https:\/\/maesha.eu\/fr\/autres-projets-associes\/","og_locale":"fr_FR","og_type":"article","og_title":"Autres projets associ\u00e9s - MAESHA","og_description":"Autres projets associ\u00e9sSi vous souhaitez en savoir plus sur la d\u00e9carbonisation des \u00eeles, voici quelques projets li\u00e9s \u00e0 la th\u00e9matique.","og_url":"https:\/\/maesha.eu\/fr\/autres-projets-associes\/","og_site_name":"MAESHA","article_modified_time":"2022-09-20T14:47:24+00:00","og_image":[{"url":"http:\/\/maesha.eu\/wp-content\/uploads\/2021\/03\/GIFT_logo.png","type":"","width":"","height":""}],"twitter_card":"summary_large_image","twitter_misc":{"Dur\u00e9e de lecture estim\u00e9e":"6 minutes"},"schema":{"@context":"https:\/\/schema.org","@graph":[{"@type":"WebPage","@id":"https:\/\/maesha.eu\/fr\/autres-projets-associes\/","url":"https:\/\/maesha.eu\/fr\/autres-projets-associes\/","name":"Autres projets associ\u00e9s - MAESHA","isPartOf":{"@id":"https:\/\/maesha.eu\/#website"},"primaryImageOfPage":{"@id":"https:\/\/maesha.eu\/fr\/autres-projets-associes\/#primaryimage"},"image":{"@id":"https:\/\/maesha.eu\/fr\/autres-projets-associes\/#primaryimage"},"thumbnailUrl":"http:\/\/maesha.eu\/wp-content\/uploads\/2021\/03\/GIFT_logo.png","datePublished":"2021-03-15T09:23:31+00:00","dateModified":"2022-09-20T14:47:24+00:00","breadcrumb":{"@id":"https:\/\/maesha.eu\/fr\/autres-projets-associes\/#breadcrumb"},"inLanguage":"fr-FR","potentialAction":[{"@type":"ReadAction","target":["https:\/\/maesha.eu\/fr\/autres-projets-associes\/"]}]},{"@type":"ImageObject","inLanguage":"fr-FR","@id":"https:\/\/maesha.eu\/fr\/autres-projets-associes\/#primaryimage","url":"http:\/\/maesha.eu\/wp-content\/uploads\/2021\/03\/GIFT_logo.png","contentUrl":"http:\/\/maesha.eu\/wp-content\/uploads\/2021\/03\/GIFT_logo.png"},{"@type":"BreadcrumbList","@id":"https:\/\/maesha.eu\/fr\/autres-projets-associes\/#breadcrumb","itemListElement":[{"@type":"ListItem","position":1,"name":"Home","item":"https:\/\/maesha.eu\/fr\/"},{"@type":"ListItem","position":2,"name":"Autres projets associ\u00e9s"}]},{"@type":"WebSite","@id":"https:\/\/maesha.eu\/#website","url":"https:\/\/maesha.eu\/","name":"MAESHA","description":"Decarbonizing the energy system of Mayotte and other European islands","potentialAction":[{"@type":"SearchAction","target":{"@type":"EntryPoint","urlTemplate":"https:\/\/maesha.eu\/?s={search_term_string}"},"query-input":{"@type":"PropertyValueSpecification","valueRequired":true,"valueName":"search_term_string"}}],"inLanguage":"fr-FR"}]}},"_links":{"self":[{"href":"https:\/\/maesha.eu\/fr\/wp-json\/wp\/v2\/pages\/947","targetHints":{"allow":["GET"]}}],"collection":[{"href":"https:\/\/maesha.eu\/fr\/wp-json\/wp\/v2\/pages"}],"about":[{"href":"https:\/\/maesha.eu\/fr\/wp-json\/wp\/v2\/types\/page"}],"author":[{"embeddable":true,"href":"https:\/\/maesha.eu\/fr\/wp-json\/wp\/v2\/users\/1"}],"replies":[{"embeddable":true,"href":"https:\/\/maesha.eu\/fr\/wp-json\/wp\/v2\/comments?post=947"}],"version-history":[{"count":2,"href":"https:\/\/maesha.eu\/fr\/wp-json\/wp\/v2\/pages\/947\/revisions"}],"predecessor-version":[{"id":949,"href":"https:\/\/maesha.eu\/fr\/wp-json\/wp\/v2\/pages\/947\/revisions\/949"}],"wp:attachment":[{"href":"https:\/\/maesha.eu\/fr\/wp-json\/wp\/v2\/media?parent=947"}],"curies":[{"name":"wp","href":"https:\/\/api.w.org\/{rel}","templated":true}]}}