{"id":956,"date":"2021-02-25T09:34:10","date_gmt":"2021-02-25T09:34:10","guid":{"rendered":"http:\/\/maesha.eu\/publications\/"},"modified":"2022-09-20T15:10:26","modified_gmt":"2022-09-20T15:10:26","slug":"publications","status":"publish","type":"page","link":"https:\/\/maesha.eu\/fr\/publications\/","title":{"rendered":"Publications"},"content":{"rendered":"<p>[et_pb_section fb_built=\u00a0\u00bb1&Prime; _builder_version=\u00a0\u00bb4.9.0&Prime; _module_preset=\u00a0\u00bbdefault\u00a0\u00bb][et_pb_row _builder_version=\u00a0\u00bb4.9.0&Prime; _module_preset=\u00a0\u00bbdefault\u00a0\u00bb][et_pb_column type=\u00a0\u00bb4_4&Prime; _builder_version=\u00a0\u00bb4.9.0&Prime; _module_preset=\u00a0\u00bbdefault\u00a0\u00bb][et_pb_text _builder_version=\u00a0\u00bb4.9.0&Prime; _module_preset=\u00a0\u00bbdefault\u00a0\u00bb]<\/p>\n<h1>Publications<\/h1>\n<p>Les partenaires de MAESHA publieront certains de leurs r\u00e9sultats dans plusieurs revues d&rsquo;influence \u00e0 comit\u00e9 de lecture. Vous trouverez les liens vers toutes ces publications (en anglais) sur cette page.<\/p>\n<p class=\"subtitle\">EN BREF<\/p>\n<p>[\/et_pb_text][\/et_pb_column][\/et_pb_row][et_pb_row column_structure=\u00a0\u00bb1_3,2_3&Prime; _builder_version=\u00a0\u00bb4.9.0&Prime; _module_preset=\u00a0\u00bbdefault\u00a0\u00bb hover_enabled=\u00a0\u00bb0&Prime; disabled_on=\u00a0\u00bbon|on|on\u00a0\u00bb disabled=\u00a0\u00bbon\u00a0\u00bb sticky_enabled=\u00a0\u00bb0&Prime;][et_pb_column type=\u00a0\u00bb1_3&Prime; _builder_version=\u00a0\u00bb4.9.0&Prime; _module_preset=\u00a0\u00bbdefault\u00a0\u00bb][et_pb_image src=\u00a0\u00bbdata:image\/svg+xml;base64,PHN2ZyB3aWR0aD0iMTA4MCIgaGVpZ2h0PSI1NDAiIHZpZXdCb3g9IjAgMCAxMDgwIDU0MCIgeG1sbnM9Imh0dHA6Ly93d3cudzMub3JnLzIwMDAvc3ZnIj4KICAgIDxnIGZpbGw9Im5vbmUiIGZpbGwtcnVsZT0iZXZlbm9kZCI+CiAgICAgICAgPHBhdGggZmlsbD0iI0VCRUJFQiIgZD0iTTAgMGgxMDgwdjU0MEgweiIvPgogICAgICAgIDxwYXRoIGQ9Ik00NDUuNjQ5IDU0MGgtOTguOTk1TDE0NC42NDkgMzM3Ljk5NSAwIDQ4Mi42NDR2LTk4Ljk5NWwxMTYuMzY1LTExNi4zNjVjMTUuNjItMTUuNjIgNDAuOTQ3LTE1LjYyIDU2LjU2OCAwTDQ0NS42NSA1NDB6IiBmaWxsLW9wYWNpdHk9Ii4xIiBmaWxsPSIjMDAwIiBmaWxsLXJ1bGU9Im5vbnplcm8iLz4KICAgICAgICA8Y2lyY2xlIGZpbGwtb3BhY2l0eT0iLjA1IiBmaWxsPSIjMDAwIiBjeD0iMzMxIiBjeT0iMTQ4IiByPSI3MCIvPgogICAgICAgIDxwYXRoIGQ9Ik0xMDgwIDM3OXYxMTMuMTM3TDcyOC4xNjIgMTQwLjMgMzI4LjQ2MiA1NDBIMjE1LjMyNEw2OTkuODc4IDU1LjQ0NmMxNS42Mi0xNS42MiA0MC45NDgtMTUuNjIgNTYuNTY4IDBMMTA4MCAzNzl6IiBmaWxsLW9wYWNpdHk9Ii4yIiBmaWxsPSIjMDAwIiBmaWxsLXJ1bGU9Im5vbnplcm8iLz4KICAgIDwvZz4KPC9zdmc+Cg==\u00a0\u00bb _builder_version=\u00a0\u00bb4.9.0&Prime; _module_preset=\u00a0\u00bbdefault\u00a0\u00bb][\/et_pb_image][\/et_pb_column][et_pb_column type=\u00a0\u00bb2_3&Prime; _builder_version=\u00a0\u00bb4.9.0&Prime; _module_preset=\u00a0\u00bbdefault\u00a0\u00bb][et_pb_toggle title=\u00a0\u00bb%91Date%93 %91Title%93 %91Authors (Partner name), Journal%93&Prime; _builder_version=\u00a0\u00bb4.9.0&Prime; _module_preset=\u00a0\u00bbdefault\u00a0\u00bb]<\/p>\n<p>[Description \u00e0 venir]<\/p>\n<p>[\/et_pb_toggle][\/et_pb_column][\/et_pb_row][\/et_pb_section][et_pb_section fb_built=\u00a0\u00bb1&Prime; _builder_version=\u00a0\u00bb4.9.0&Prime; _module_preset=\u00a0\u00bbdefault\u00a0\u00bb global_module=\u00a0\u00bb334&Prime; saved_tabs=\u00a0\u00bball\u00a0\u00bb][et_pb_row column_structure=\u00a0\u00bb3_5,2_5&Prime; _builder_version=\u00a0\u00bb4.9.0&Prime; _module_preset=\u00a0\u00bbdefault\u00a0\u00bb width=\u00a0\u00bb100%\u00a0\u00bb custom_css_main_element=\u00a0\u00bbdisplay: flex;||align-items: center;\u00a0\u00bb][et_pb_column type=\u00a0\u00bb3_5&Prime; _builder_version=\u00a0\u00bb4.9.0&Prime; _module_preset=\u00a0\u00bbdefault\u00a0\u00bb][et_pb_code _builder_version=\u00a0\u00bb4.9.0&Prime; _module_preset=\u00a0\u00bbdefault\u00a0\u00bb custom_css_main_element=\u00a0\u00bbdisplay: flex;||\u00a0\u00bb]<\/p>\n<div class=\"row align-items-center\"><!-- [et_pb_line_break_holder] -->  <\/p>\n<div class=\"col-3\"><!-- [et_pb_line_break_holder] -->  \t<img decoding=\"async\" src=\"http:\/\/maesha.eu\/wp-content\/uploads\/2021\/02\/eu-flag.png\" alt=\"eu-flag\"><!-- [et_pb_line_break_holder] -->\t<\/div>\n<p><!-- [et_pb_line_break_holder] -->  <\/p>\n<div class=\"col\"><!-- [et_pb_line_break_holder] -->  \t<pee><!-- [et_pb_line_break_holder] --> Ce projet a re\u00e7u un financement de l\u2019Union Europ\u00e9enne dans le cadre du programme de recherche et d\u2019innovation Horizon 2020 par l\u2019accord de financement n\u00b0957843. Cette publication ne refl\u00e8te que le point de vue de l&rsquo;auteur et l&rsquo;Union europ\u00e9enne ne peut \u00eatre tenue responsable de l&rsquo;usage qui pourrait \u00eatre fait des informations qu&rsquo;elle contient.<!-- [et_pb_line_break_holder] -->    <\/pee><!-- [et_pb_line_break_holder] -->\t<\/div>\n<p><!-- [et_pb_line_break_holder] --><\/div>\n<p>[\/et_pb_code][\/et_pb_column][et_pb_column type=\u00a0\u00bb2_5&Prime; _builder_version=\u00a0\u00bb4.9.0&Prime; _module_preset=\u00a0\u00bbdefault\u00a0\u00bb][et_pb_text _builder_version=\u00a0\u00bb4.9.0&Prime; _module_preset=\u00a0\u00bbdefault\u00a0\u00bb]<\/p>\n<h1>Newsletter<\/h1>\n<p>[\/et_pb_text][et_pb_code _builder_version=\u00a0\u00bb4.9.0&Prime; _module_preset=\u00a0\u00bbdefault\u00a0\u00bb]<script>(function() {\n\twindow.mc4wp = window.mc4wp || {\n\t\tlisteners: [],\n\t\tforms: {\n\t\t\ton: function(evt, cb) {\n\t\t\t\twindow.mc4wp.listeners.push(\n\t\t\t\t\t{\n\t\t\t\t\t\tevent   : evt,\n\t\t\t\t\t\tcallback: cb\n\t\t\t\t\t}\n\t\t\t\t);\n\t\t\t}\n\t\t}\n\t}\n})();\n<\/script><!-- Mailchimp for WordPress v4.12.1 - https:\/\/wordpress.org\/plugins\/mailchimp-for-wp\/ --><form id=\"mc4wp-form-1\" class=\"mc4wp-form mc4wp-form-93 mc4wp-form-theme mc4wp-form-theme-blue\" method=\"post\" data-id=\"93\" data-name=\"Newsletter Form\" ><div class=\"mc4wp-form-fields\">    <input class=\"newsletter-input\" type=\"text\" name=\"FNAME\" placeholder=\"First Name *\" required=\"\">\r\n\r\n\t<input class=\"newsletter-input\" type=\"text\" name=\"LNAME\" placeholder=\"Last Name *\" required=\"\">    \r\n\r\n\t<input class=\"newsletter-input\" type=\"email\" name=\"EMAIL\" placeholder=\"Your Email Address *\" required \/>\r\n\r\n    <select class=\"newsletter-input\" id=\"language-select\" name=\"MMERGE3\" required=\"\">\r\n        <option disabled=\"\" value=\"\" selected=\"true\">Language *<\/option>\r\n        <option value=\"English\">English<\/option>\r\n        <option value=\"Fran\u00e7ais\">Fran\u00e7ais<\/option>\r\n        <option value=\"Deutsche\">Deutsche<\/option>\r\n        <option value=\"Espa\u00f1ol\">Espa\u00f1ol<\/option>\r\n        <option value=\"\u0395\u03bb\u03bb\u03b7\u03bd\u03b9\u03ba\u03ac\">\u0395\u03bb\u03bb\u03b7\u03bd\u03b9\u03ba\u03ac<\/option>\r\n        <option value=\"Italiano\">Italiano<\/option>\r\n    <\/select>\r\n\r\n\r\n\r\n\r\n\t<input class=\"newsletter-btn\" type=\"submit\" value=\"Subscribe\" \/>\r\n<\/div><label style=\"display: none !important;\">Laissez ce champ vide si vous \u00eates humain\u00a0: <input type=\"text\" name=\"_mc4wp_honeypot\" value=\"\" tabindex=\"-1\" autocomplete=\"off\" \/><\/label><input type=\"hidden\" name=\"_mc4wp_timestamp\" value=\"1775519781\" \/><input type=\"hidden\" name=\"_mc4wp_form_id\" value=\"93\" \/><input type=\"hidden\" name=\"_mc4wp_form_element_id\" value=\"mc4wp-form-1\" \/><div class=\"mc4wp-response\"><\/div><\/form><!-- \/ Mailchimp for WordPress Plugin -->[\/et_pb_code][\/et_pb_column][\/et_pb_row][\/et_pb_section]<\/p>\n","protected":false},"excerpt":{"rendered":"<p>Publications Les partenaires de MAESHA publieront certains de leurs r\u00e9sultats dans plusieurs revues d&rsquo;influence \u00e0 comit\u00e9 de lecture. Vous trouverez les liens vers toutes ces publications (en anglais) sur cette page. EN BREF[Description \u00e0 venir]Newsletter<script>(function() {\n\twindow.mc4wp = window.mc4wp || {\n\t\tlisteners: [],\n\t\tforms: {\n\t\t\ton: function(evt, cb) {\n\t\t\t\twindow.mc4wp.listeners.push(\n\t\t\t\t\t{\n\t\t\t\t\t\tevent   : evt,\n\t\t\t\t\t\tcallback: cb\n\t\t\t\t\t}\n\t\t\t\t);\n\t\t\t}\n\t\t}\n\t}\n})();\n<\/script><!-- Mailchimp for WordPress v4.12.1 - https:\/\/wordpress.org\/plugins\/mailchimp-for-wp\/ --><form id=\"mc4wp-form-2\" class=\"mc4wp-form mc4wp-form-93 mc4wp-form-theme mc4wp-form-theme-blue\" method=\"post\" data-id=\"93\" data-name=\"Newsletter Form\" ><div class=\"mc4wp-form-fields\">    <input class=\"newsletter-input\" type=\"text\" name=\"FNAME\" placeholder=\"First Name *\" required=\"\">\r\n\r\n\t<input class=\"newsletter-input\" type=\"text\" name=\"LNAME\" placeholder=\"Last Name *\" required=\"\">    \r\n\r\n\t<input class=\"newsletter-input\" type=\"email\" name=\"EMAIL\" placeholder=\"Your Email Address *\" required \/>\r\n\r\n    <select class=\"newsletter-input\" id=\"language-select\" name=\"MMERGE3\" required=\"\">\r\n        <option disabled=\"\" value=\"\" selected=\"true\">Language *<\/option>\r\n        <option value=\"English\">English<\/option>\r\n        <option value=\"Fran\u00e7ais\">Fran\u00e7ais<\/option>\r\n        <option value=\"Deutsche\">Deutsche<\/option>\r\n        <option value=\"Espa\u00f1ol\">Espa\u00f1ol<\/option>\r\n        <option value=\"\u0395\u03bb\u03bb\u03b7\u03bd\u03b9\u03ba\u03ac\">\u0395\u03bb\u03bb\u03b7\u03bd\u03b9\u03ba\u03ac<\/option>\r\n        <option value=\"Italiano\">Italiano<\/option>\r\n    <\/select>\r\n\r\n\r\n\r\n\r\n\t<input class=\"newsletter-btn\" type=\"submit\" value=\"Subscribe\" \/>\r\n<\/div><label style=\"display: none !important;\">Laissez ce champ vide si vous \u00eates humain\u00a0: <input type=\"text\" name=\"_mc4wp_honeypot\" value=\"\" tabindex=\"-1\" autocomplete=\"off\" \/><\/label><input type=\"hidden\" name=\"_mc4wp_timestamp\" value=\"1775519781\" \/><input type=\"hidden\" name=\"_mc4wp_form_id\" value=\"93\" \/><input type=\"hidden\" name=\"_mc4wp_form_element_id\" value=\"mc4wp-form-2\" \/><div class=\"mc4wp-response\"><\/div><\/form><!-- \/ Mailchimp for WordPress Plugin --><\/p>\n","protected":false},"author":1,"featured_media":0,"parent":0,"menu_order":0,"comment_status":"closed","ping_status":"closed","template":"","meta":{"_et_pb_use_builder":"on","_et_pb_old_content":"","_et_gb_content_width":"","footnotes":""},"class_list":["post-956","page","type-page","status-publish","hentry"],"yoast_head":"<!-- This site is optimized with the Yoast SEO plugin v27.3 - https:\/\/yoast.com\/product\/yoast-seo-wordpress\/ -->\n<title>Publications - MAESHA<\/title>\n<meta name=\"robots\" content=\"index, follow, max-snippet:-1, max-image-preview:large, max-video-preview:-1\" \/>\n<link rel=\"canonical\" href=\"https:\/\/maesha.eu\/fr\/publications\/\" \/>\n<meta property=\"og:locale\" content=\"fr_FR\" \/>\n<meta property=\"og:type\" content=\"article\" \/>\n<meta property=\"og:title\" content=\"Publications - MAESHA\" \/>\n<meta property=\"og:description\" content=\"Publications Les partenaires de MAESHA publieront certains de leurs r\u00e9sultats dans plusieurs revues d&#039;influence \u00e0 comit\u00e9 de lecture. Vous trouverez les liens vers toutes ces publications (en anglais) sur cette page. EN BREF[Description \u00e0 venir]Newsletter\" \/>\n<meta property=\"og:url\" content=\"https:\/\/maesha.eu\/fr\/publications\/\" \/>\n<meta property=\"og:site_name\" content=\"MAESHA\" \/>\n<meta property=\"article:modified_time\" content=\"2022-09-20T15:10:26+00:00\" \/>\n<meta property=\"og:image\" content=\"http:\/\/maesha.eu\/wp-content\/uploads\/2021\/02\/eu-flag.png\" \/>\n<meta name=\"twitter:card\" content=\"summary_large_image\" \/>\n<meta name=\"twitter:label1\" content=\"Dur\u00e9e de lecture estim\u00e9e\" \/>\n\t<meta name=\"twitter:data1\" content=\"2 minutes\" \/>\n<script type=\"application\/ld+json\" class=\"yoast-schema-graph\">{\"@context\":\"https:\\\/\\\/schema.org\",\"@graph\":[{\"@type\":\"WebPage\",\"@id\":\"https:\\\/\\\/maesha.eu\\\/fr\\\/publications\\\/\",\"url\":\"https:\\\/\\\/maesha.eu\\\/fr\\\/publications\\\/\",\"name\":\"Publications - MAESHA\",\"isPartOf\":{\"@id\":\"https:\\\/\\\/maesha.eu\\\/#website\"},\"primaryImageOfPage\":{\"@id\":\"https:\\\/\\\/maesha.eu\\\/fr\\\/publications\\\/#primaryimage\"},\"image\":{\"@id\":\"https:\\\/\\\/maesha.eu\\\/fr\\\/publications\\\/#primaryimage\"},\"thumbnailUrl\":\"http:\\\/\\\/maesha.eu\\\/wp-content\\\/uploads\\\/2021\\\/02\\\/eu-flag.png\",\"datePublished\":\"2021-02-25T09:34:10+00:00\",\"dateModified\":\"2022-09-20T15:10:26+00:00\",\"breadcrumb\":{\"@id\":\"https:\\\/\\\/maesha.eu\\\/fr\\\/publications\\\/#breadcrumb\"},\"inLanguage\":\"fr-FR\",\"potentialAction\":[{\"@type\":\"ReadAction\",\"target\":[\"https:\\\/\\\/maesha.eu\\\/fr\\\/publications\\\/\"]}]},{\"@type\":\"ImageObject\",\"inLanguage\":\"fr-FR\",\"@id\":\"https:\\\/\\\/maesha.eu\\\/fr\\\/publications\\\/#primaryimage\",\"url\":\"http:\\\/\\\/maesha.eu\\\/wp-content\\\/uploads\\\/2021\\\/02\\\/eu-flag.png\",\"contentUrl\":\"http:\\\/\\\/maesha.eu\\\/wp-content\\\/uploads\\\/2021\\\/02\\\/eu-flag.png\"},{\"@type\":\"BreadcrumbList\",\"@id\":\"https:\\\/\\\/maesha.eu\\\/fr\\\/publications\\\/#breadcrumb\",\"itemListElement\":[{\"@type\":\"ListItem\",\"position\":1,\"name\":\"Home\",\"item\":\"https:\\\/\\\/maesha.eu\\\/fr\\\/\"},{\"@type\":\"ListItem\",\"position\":2,\"name\":\"Publications\"}]},{\"@type\":\"WebSite\",\"@id\":\"https:\\\/\\\/maesha.eu\\\/#website\",\"url\":\"https:\\\/\\\/maesha.eu\\\/\",\"name\":\"MAESHA\",\"description\":\"Decarbonizing the energy system of Mayotte and other European islands\",\"potentialAction\":[{\"@type\":\"SearchAction\",\"target\":{\"@type\":\"EntryPoint\",\"urlTemplate\":\"https:\\\/\\\/maesha.eu\\\/?s={search_term_string}\"},\"query-input\":{\"@type\":\"PropertyValueSpecification\",\"valueRequired\":true,\"valueName\":\"search_term_string\"}}],\"inLanguage\":\"fr-FR\"}]}<\/script>\n<!-- \/ Yoast SEO plugin. -->","yoast_head_json":{"title":"Publications - MAESHA","robots":{"index":"index","follow":"follow","max-snippet":"max-snippet:-1","max-image-preview":"max-image-preview:large","max-video-preview":"max-video-preview:-1"},"canonical":"https:\/\/maesha.eu\/fr\/publications\/","og_locale":"fr_FR","og_type":"article","og_title":"Publications - MAESHA","og_description":"Publications Les partenaires de MAESHA publieront certains de leurs r\u00e9sultats dans plusieurs revues d'influence \u00e0 comit\u00e9 de lecture. Vous trouverez les liens vers toutes ces publications (en anglais) sur cette page. EN BREF[Description \u00e0 venir]Newsletter","og_url":"https:\/\/maesha.eu\/fr\/publications\/","og_site_name":"MAESHA","article_modified_time":"2022-09-20T15:10:26+00:00","og_image":[{"url":"http:\/\/maesha.eu\/wp-content\/uploads\/2021\/02\/eu-flag.png","type":"","width":"","height":""}],"twitter_card":"summary_large_image","twitter_misc":{"Dur\u00e9e de lecture estim\u00e9e":"2 minutes"},"schema":{"@context":"https:\/\/schema.org","@graph":[{"@type":"WebPage","@id":"https:\/\/maesha.eu\/fr\/publications\/","url":"https:\/\/maesha.eu\/fr\/publications\/","name":"Publications - MAESHA","isPartOf":{"@id":"https:\/\/maesha.eu\/#website"},"primaryImageOfPage":{"@id":"https:\/\/maesha.eu\/fr\/publications\/#primaryimage"},"image":{"@id":"https:\/\/maesha.eu\/fr\/publications\/#primaryimage"},"thumbnailUrl":"http:\/\/maesha.eu\/wp-content\/uploads\/2021\/02\/eu-flag.png","datePublished":"2021-02-25T09:34:10+00:00","dateModified":"2022-09-20T15:10:26+00:00","breadcrumb":{"@id":"https:\/\/maesha.eu\/fr\/publications\/#breadcrumb"},"inLanguage":"fr-FR","potentialAction":[{"@type":"ReadAction","target":["https:\/\/maesha.eu\/fr\/publications\/"]}]},{"@type":"ImageObject","inLanguage":"fr-FR","@id":"https:\/\/maesha.eu\/fr\/publications\/#primaryimage","url":"http:\/\/maesha.eu\/wp-content\/uploads\/2021\/02\/eu-flag.png","contentUrl":"http:\/\/maesha.eu\/wp-content\/uploads\/2021\/02\/eu-flag.png"},{"@type":"BreadcrumbList","@id":"https:\/\/maesha.eu\/fr\/publications\/#breadcrumb","itemListElement":[{"@type":"ListItem","position":1,"name":"Home","item":"https:\/\/maesha.eu\/fr\/"},{"@type":"ListItem","position":2,"name":"Publications"}]},{"@type":"WebSite","@id":"https:\/\/maesha.eu\/#website","url":"https:\/\/maesha.eu\/","name":"MAESHA","description":"Decarbonizing the energy system of Mayotte and other European islands","potentialAction":[{"@type":"SearchAction","target":{"@type":"EntryPoint","urlTemplate":"https:\/\/maesha.eu\/?s={search_term_string}"},"query-input":{"@type":"PropertyValueSpecification","valueRequired":true,"valueName":"search_term_string"}}],"inLanguage":"fr-FR"}]}},"_links":{"self":[{"href":"https:\/\/maesha.eu\/fr\/wp-json\/wp\/v2\/pages\/956","targetHints":{"allow":["GET"]}}],"collection":[{"href":"https:\/\/maesha.eu\/fr\/wp-json\/wp\/v2\/pages"}],"about":[{"href":"https:\/\/maesha.eu\/fr\/wp-json\/wp\/v2\/types\/page"}],"author":[{"embeddable":true,"href":"https:\/\/maesha.eu\/fr\/wp-json\/wp\/v2\/users\/1"}],"replies":[{"embeddable":true,"href":"https:\/\/maesha.eu\/fr\/wp-json\/wp\/v2\/comments?post=956"}],"version-history":[{"count":2,"href":"https:\/\/maesha.eu\/fr\/wp-json\/wp\/v2\/pages\/956\/revisions"}],"predecessor-version":[{"id":958,"href":"https:\/\/maesha.eu\/fr\/wp-json\/wp\/v2\/pages\/956\/revisions\/958"}],"wp:attachment":[{"href":"https:\/\/maesha.eu\/fr\/wp-json\/wp\/v2\/media?parent=956"}],"curies":[{"name":"wp","href":"https:\/\/api.w.org\/{rel}","templated":true}]}}