{"id":959,"date":"2021-02-25T09:29:58","date_gmt":"2021-02-25T09:29:58","guid":{"rendered":"http:\/\/maesha.eu\/comment-decarboner-les-systemes-energetiques-des-iles\/"},"modified":"2022-09-20T15:18:23","modified_gmt":"2022-09-20T15:18:23","slug":"comment-decarboner-les-systemes-energetiques-des-iles","status":"publish","type":"page","link":"https:\/\/maesha.eu\/fr\/comment-decarboner-les-systemes-energetiques-des-iles\/","title":{"rendered":"Comment d\u00e9carboner les syst\u00e8mes \u00e9nerg\u00e9tiques des \u00eeles ?"},"content":{"rendered":"<p>[et_pb_section fb_built=\u00a0\u00bb1&Prime; _builder_version=\u00a0\u00bb4.9.0&Prime; _module_preset=\u00a0\u00bbdefault\u00a0\u00bb][et_pb_row _builder_version=\u00a0\u00bb4.9.0&Prime; _module_preset=\u00a0\u00bbdefault\u00a0\u00bb][et_pb_column type=\u00a0\u00bb4_4&Prime; _builder_version=\u00a0\u00bb4.9.0&Prime; _module_preset=\u00a0\u00bbdefault\u00a0\u00bb][et_pb_text _builder_version=\u00a0\u00bb4.9.0&Prime; _module_preset=\u00a0\u00bbdefault\u00a0\u00bb]<\/p>\n<h1>Comment d\u00e9carboner les syst\u00e8mes \u00e9nerg\u00e9tiques des \u00eeles ?<\/h1>\n<p>[\/et_pb_text][\/et_pb_column][\/et_pb_row][et_pb_row _builder_version=\u00a0\u00bb4.9.0&Prime; _module_preset=\u00a0\u00bbdefault\u00a0\u00bb][et_pb_column type=\u00a0\u00bb4_4&Prime; _builder_version=\u00a0\u00bb4.9.0&Prime; _module_preset=\u00a0\u00bbdefault\u00a0\u00bb][et_pb_text _builder_version=\u00a0\u00bb4.9.0&Prime; _module_preset=\u00a0\u00bbdefault\u00a0\u00bb hover_enabled=\u00a0\u00bb0&Prime; sticky_enabled=\u00a0\u00bb0&Prime;]<\/p>\n<p>Plus de 16 millions de personnes vivent sur les 2400 \u00eeles de l&rsquo;Union europ\u00e9enne. D\u00e9connect\u00e9es du r\u00e9seau \u00e9lectrique europ\u00e9en continental, elles sont confront\u00e9es aux m\u00eames d\u00e9fis qui peuvent \u00eatre abord\u00e9s de mani\u00e8re sp\u00e9cifique en fonction des caract\u00e9ristiques de chaque \u00eele.<\/p>\n<p style=\"font-weight: bold;\">Quelle est la situation actuelle ?<\/p>\n<p>Le secteur \u00e9nerg\u00e9tique des \u00eeles est extr\u00eamement polluant en raison d&rsquo;une forte d\u00e9pendance aux combustibles fossiles import\u00e9s, combin\u00e9e \u00e0 des centrales \u00e9lectriques vieillissantes et inefficaces. Cela entra\u00eene des co\u00fbts de production d\u2019\u00e9nergie jusqu&rsquo;\u00e0 dix fois sup\u00e9rieurs \u00e0 ceux du continent.<\/p>\n<p style=\"font-weight: bold;\">Comment parvenir \u00e0 cette d\u00e9carbonisation ?<\/p>\n<p>Les \u00eeles sont des lieux souvent naturellement riches en vent, en soleil et en biomasse, ce qui fait des \u00e9nergies renouvelables (EnR) des atouts essentiels pour la d\u00e9carbonation de ces syst\u00e8mes \u00e9nerg\u00e9tiques. Cependant, pour faire face \u00e0 la variabilit\u00e9 accrue de ces EnR par rapport aux centrales \u00e9lectriques conventionnelles, il est n\u00e9cessaire de mettre en \u0153uvre des technologies pour rendre le r\u00e9seau r\u00e9silient et lui donner les outils pour assurer la s\u00e9curit\u00e9 d&rsquo;approvisionnement \u00e0 des co\u00fbts abordables avec une part importante d\u2019EnR dans le mix \u00e9lectrique.<br \/> Dans le cadre de MAESHA, les partenaires augmenteront la flexibilit\u00e9 du r\u00e9seau, d\u00e9ploieront du stockage d\u2019\u00e9nergie et d&rsquo;autres solutions de gestion de l&rsquo;\u00e9nergie pour d\u00e9montrer qu&rsquo;une forte int\u00e9gration des EnR est possible sur les \u00eeles avec un r\u00e9seau \u00e9lectrique adapt\u00e9.<\/p>\n<p>[\/et_pb_text][\/et_pb_column][\/et_pb_row][\/et_pb_section][et_pb_section fb_built=\u00a0\u00bb1&Prime; _builder_version=\u00a0\u00bb4.9.0&Prime; _module_preset=\u00a0\u00bbdefault\u00a0\u00bb global_module=\u00a0\u00bb334&Prime;][et_pb_row column_structure=\u00a0\u00bb3_4,1_4&Prime; _builder_version=\u00a0\u00bb4.9.0&Prime; _module_preset=\u00a0\u00bbdefault\u00a0\u00bb custom_css_main_element=\u00a0\u00bbdisplay: flex;||align-items: center;\u00a0\u00bb][et_pb_column type=\u00a0\u00bb3_4&Prime; _builder_version=\u00a0\u00bb4.9.0&Prime; _module_preset=\u00a0\u00bbdefault\u00a0\u00bb][et_pb_code _builder_version=\u00a0\u00bb4.9.0&Prime; _module_preset=\u00a0\u00bbdefault\u00a0\u00bb custom_css_main_element=\u00a0\u00bbdisplay: flex;||align-items: center;\u00a0\u00bb]<\/p>\n<div class=\"row align-items-center\"><!-- [et_pb_line_break_holder] -->  <\/p>\n<div class=\"col-3\"><!-- [et_pb_line_break_holder] -->  \t<img decoding=\"async\" src=\"http:\/\/maesha.eu\/wp-content\/uploads\/2021\/02\/eu-flag.png\" alt=\"eu-flag\"><!-- [et_pb_line_break_holder] -->\t<\/div>\n<p><!-- [et_pb_line_break_holder] -->  <\/p>\n<div class=\"col\"><!-- [et_pb_line_break_holder] -->  \t<pee><!-- [et_pb_line_break_holder] --> Ce projet a re\u00e7u un financement de l\u2019Union Europ\u00e9enne dans le cadre du programme de recherche et d\u2019innovation Horizon 2020 par l\u2019accord de financement n\u00b0957843. Cette publication ne refl\u00e8te que le point de vue de l&rsquo;auteur et l&rsquo;Union europ\u00e9enne ne peut \u00eatre tenue responsable de l&rsquo;usage qui pourrait \u00eatre fait des informations qu&rsquo;elle contient.<!-- [et_pb_line_break_holder] -->    <\/pee><!-- [et_pb_line_break_holder] -->\t<\/div>\n<p><!-- [et_pb_line_break_holder] --><\/div>\n<p>[\/et_pb_code][\/et_pb_column][et_pb_column type=\u00a0\u00bb1_4&Prime; _builder_version=\u00a0\u00bb4.9.0&Prime; _module_preset=\u00a0\u00bbdefault\u00a0\u00bb][et_pb_text _builder_version=\u00a0\u00bb4.9.0&Prime; _module_preset=\u00a0\u00bbdefault\u00a0\u00bb]<\/p>\n<p style=\"text-align: center;\"><span><a href=\"http:\/\/maesha.eu\/fr\/cookies\/\">Politique de confidentialit\u00e9<\/a> | <a href=\"http:\/\/maesha.eu\/fr\/notice-legale\/\">Notice l\u00e9gale<\/a><\/span><br \/> <span><a href=\"http:\/\/maesha.eu#contact\">Contact<\/a> | <a href=\"http:\/\/maesha.eu\/fr\/mentions-legales\/\">Mentions l\u00e9gales<\/a><\/span><\/p>\n<p>[\/et_pb_text][\/et_pb_column][\/et_pb_row][\/et_pb_section]<\/p>\n","protected":false},"excerpt":{"rendered":"<p>Comment d\u00e9carboner les syst\u00e8mes \u00e9nerg\u00e9tiques des \u00eeles ?Plus de 16 millions de personnes vivent sur les 2400 \u00eeles de l&rsquo;Union europ\u00e9enne. D\u00e9connect\u00e9es du r\u00e9seau \u00e9lectrique europ\u00e9en continental, elles sont confront\u00e9es aux m\u00eames d\u00e9fis qui peuvent \u00eatre abord\u00e9s de mani\u00e8re sp\u00e9cifique en fonction des caract\u00e9ristiques de chaque \u00eele. Quelle est la situation actuelle ? Le secteur [&hellip;]<\/p>\n","protected":false},"author":1,"featured_media":0,"parent":0,"menu_order":0,"comment_status":"closed","ping_status":"closed","template":"","meta":{"_et_pb_use_builder":"on","_et_pb_old_content":"","_et_gb_content_width":"","footnotes":""},"class_list":["post-959","page","type-page","status-publish","hentry"],"yoast_head":"<!-- This site is optimized with the Yoast SEO plugin v27.3 - https:\/\/yoast.com\/product\/yoast-seo-wordpress\/ -->\n<title>Comment d\u00e9carboner les syst\u00e8mes \u00e9nerg\u00e9tiques des \u00eeles ? - MAESHA<\/title>\n<meta name=\"robots\" content=\"index, follow, max-snippet:-1, max-image-preview:large, max-video-preview:-1\" \/>\n<link rel=\"canonical\" href=\"https:\/\/maesha.eu\/fr\/comment-decarboner-les-systemes-energetiques-des-iles\/\" \/>\n<meta property=\"og:locale\" content=\"fr_FR\" \/>\n<meta property=\"og:type\" content=\"article\" \/>\n<meta property=\"og:title\" content=\"Comment d\u00e9carboner les syst\u00e8mes \u00e9nerg\u00e9tiques des \u00eeles ? - MAESHA\" \/>\n<meta property=\"og:description\" content=\"Comment d\u00e9carboner les syst\u00e8mes \u00e9nerg\u00e9tiques des \u00eeles ?Plus de 16 millions de personnes vivent sur les 2400 \u00eeles de l&#039;Union europ\u00e9enne. D\u00e9connect\u00e9es du r\u00e9seau \u00e9lectrique europ\u00e9en continental, elles sont confront\u00e9es aux m\u00eames d\u00e9fis qui peuvent \u00eatre abord\u00e9s de mani\u00e8re sp\u00e9cifique en fonction des caract\u00e9ristiques de chaque \u00eele. Quelle est la situation actuelle ? Le secteur [&hellip;]\" \/>\n<meta property=\"og:url\" content=\"https:\/\/maesha.eu\/fr\/comment-decarboner-les-systemes-energetiques-des-iles\/\" \/>\n<meta property=\"og:site_name\" content=\"MAESHA\" \/>\n<meta property=\"article:modified_time\" content=\"2022-09-20T15:18:23+00:00\" \/>\n<meta property=\"og:image\" content=\"http:\/\/maesha.eu\/wp-content\/uploads\/2021\/02\/eu-flag.png\" \/>\n<meta name=\"twitter:card\" content=\"summary_large_image\" \/>\n<meta name=\"twitter:label1\" content=\"Dur\u00e9e de lecture estim\u00e9e\" \/>\n\t<meta name=\"twitter:data1\" content=\"3 minutes\" \/>\n<script type=\"application\/ld+json\" class=\"yoast-schema-graph\">{\"@context\":\"https:\\\/\\\/schema.org\",\"@graph\":[{\"@type\":\"WebPage\",\"@id\":\"https:\\\/\\\/maesha.eu\\\/fr\\\/comment-decarboner-les-systemes-energetiques-des-iles\\\/\",\"url\":\"https:\\\/\\\/maesha.eu\\\/fr\\\/comment-decarboner-les-systemes-energetiques-des-iles\\\/\",\"name\":\"Comment d\u00e9carboner les syst\u00e8mes \u00e9nerg\u00e9tiques des \u00eeles ? - MAESHA\",\"isPartOf\":{\"@id\":\"https:\\\/\\\/maesha.eu\\\/#website\"},\"primaryImageOfPage\":{\"@id\":\"https:\\\/\\\/maesha.eu\\\/fr\\\/comment-decarboner-les-systemes-energetiques-des-iles\\\/#primaryimage\"},\"image\":{\"@id\":\"https:\\\/\\\/maesha.eu\\\/fr\\\/comment-decarboner-les-systemes-energetiques-des-iles\\\/#primaryimage\"},\"thumbnailUrl\":\"http:\\\/\\\/maesha.eu\\\/wp-content\\\/uploads\\\/2021\\\/02\\\/eu-flag.png\",\"datePublished\":\"2021-02-25T09:29:58+00:00\",\"dateModified\":\"2022-09-20T15:18:23+00:00\",\"breadcrumb\":{\"@id\":\"https:\\\/\\\/maesha.eu\\\/fr\\\/comment-decarboner-les-systemes-energetiques-des-iles\\\/#breadcrumb\"},\"inLanguage\":\"fr-FR\",\"potentialAction\":[{\"@type\":\"ReadAction\",\"target\":[\"https:\\\/\\\/maesha.eu\\\/fr\\\/comment-decarboner-les-systemes-energetiques-des-iles\\\/\"]}]},{\"@type\":\"ImageObject\",\"inLanguage\":\"fr-FR\",\"@id\":\"https:\\\/\\\/maesha.eu\\\/fr\\\/comment-decarboner-les-systemes-energetiques-des-iles\\\/#primaryimage\",\"url\":\"http:\\\/\\\/maesha.eu\\\/wp-content\\\/uploads\\\/2021\\\/02\\\/eu-flag.png\",\"contentUrl\":\"http:\\\/\\\/maesha.eu\\\/wp-content\\\/uploads\\\/2021\\\/02\\\/eu-flag.png\"},{\"@type\":\"BreadcrumbList\",\"@id\":\"https:\\\/\\\/maesha.eu\\\/fr\\\/comment-decarboner-les-systemes-energetiques-des-iles\\\/#breadcrumb\",\"itemListElement\":[{\"@type\":\"ListItem\",\"position\":1,\"name\":\"Home\",\"item\":\"https:\\\/\\\/maesha.eu\\\/fr\\\/\"},{\"@type\":\"ListItem\",\"position\":2,\"name\":\"Comment d\u00e9carboner les syst\u00e8mes \u00e9nerg\u00e9tiques des \u00eeles ?\"}]},{\"@type\":\"WebSite\",\"@id\":\"https:\\\/\\\/maesha.eu\\\/#website\",\"url\":\"https:\\\/\\\/maesha.eu\\\/\",\"name\":\"MAESHA\",\"description\":\"Decarbonizing the energy system of Mayotte and other European islands\",\"potentialAction\":[{\"@type\":\"SearchAction\",\"target\":{\"@type\":\"EntryPoint\",\"urlTemplate\":\"https:\\\/\\\/maesha.eu\\\/?s={search_term_string}\"},\"query-input\":{\"@type\":\"PropertyValueSpecification\",\"valueRequired\":true,\"valueName\":\"search_term_string\"}}],\"inLanguage\":\"fr-FR\"}]}<\/script>\n<!-- \/ Yoast SEO plugin. -->","yoast_head_json":{"title":"Comment d\u00e9carboner les syst\u00e8mes \u00e9nerg\u00e9tiques des \u00eeles ? - MAESHA","robots":{"index":"index","follow":"follow","max-snippet":"max-snippet:-1","max-image-preview":"max-image-preview:large","max-video-preview":"max-video-preview:-1"},"canonical":"https:\/\/maesha.eu\/fr\/comment-decarboner-les-systemes-energetiques-des-iles\/","og_locale":"fr_FR","og_type":"article","og_title":"Comment d\u00e9carboner les syst\u00e8mes \u00e9nerg\u00e9tiques des \u00eeles ? - MAESHA","og_description":"Comment d\u00e9carboner les syst\u00e8mes \u00e9nerg\u00e9tiques des \u00eeles ?Plus de 16 millions de personnes vivent sur les 2400 \u00eeles de l'Union europ\u00e9enne. D\u00e9connect\u00e9es du r\u00e9seau \u00e9lectrique europ\u00e9en continental, elles sont confront\u00e9es aux m\u00eames d\u00e9fis qui peuvent \u00eatre abord\u00e9s de mani\u00e8re sp\u00e9cifique en fonction des caract\u00e9ristiques de chaque \u00eele. Quelle est la situation actuelle ? Le secteur [&hellip;]","og_url":"https:\/\/maesha.eu\/fr\/comment-decarboner-les-systemes-energetiques-des-iles\/","og_site_name":"MAESHA","article_modified_time":"2022-09-20T15:18:23+00:00","og_image":[{"url":"http:\/\/maesha.eu\/wp-content\/uploads\/2021\/02\/eu-flag.png","type":"","width":"","height":""}],"twitter_card":"summary_large_image","twitter_misc":{"Dur\u00e9e de lecture estim\u00e9e":"3 minutes"},"schema":{"@context":"https:\/\/schema.org","@graph":[{"@type":"WebPage","@id":"https:\/\/maesha.eu\/fr\/comment-decarboner-les-systemes-energetiques-des-iles\/","url":"https:\/\/maesha.eu\/fr\/comment-decarboner-les-systemes-energetiques-des-iles\/","name":"Comment d\u00e9carboner les syst\u00e8mes \u00e9nerg\u00e9tiques des \u00eeles ? - MAESHA","isPartOf":{"@id":"https:\/\/maesha.eu\/#website"},"primaryImageOfPage":{"@id":"https:\/\/maesha.eu\/fr\/comment-decarboner-les-systemes-energetiques-des-iles\/#primaryimage"},"image":{"@id":"https:\/\/maesha.eu\/fr\/comment-decarboner-les-systemes-energetiques-des-iles\/#primaryimage"},"thumbnailUrl":"http:\/\/maesha.eu\/wp-content\/uploads\/2021\/02\/eu-flag.png","datePublished":"2021-02-25T09:29:58+00:00","dateModified":"2022-09-20T15:18:23+00:00","breadcrumb":{"@id":"https:\/\/maesha.eu\/fr\/comment-decarboner-les-systemes-energetiques-des-iles\/#breadcrumb"},"inLanguage":"fr-FR","potentialAction":[{"@type":"ReadAction","target":["https:\/\/maesha.eu\/fr\/comment-decarboner-les-systemes-energetiques-des-iles\/"]}]},{"@type":"ImageObject","inLanguage":"fr-FR","@id":"https:\/\/maesha.eu\/fr\/comment-decarboner-les-systemes-energetiques-des-iles\/#primaryimage","url":"http:\/\/maesha.eu\/wp-content\/uploads\/2021\/02\/eu-flag.png","contentUrl":"http:\/\/maesha.eu\/wp-content\/uploads\/2021\/02\/eu-flag.png"},{"@type":"BreadcrumbList","@id":"https:\/\/maesha.eu\/fr\/comment-decarboner-les-systemes-energetiques-des-iles\/#breadcrumb","itemListElement":[{"@type":"ListItem","position":1,"name":"Home","item":"https:\/\/maesha.eu\/fr\/"},{"@type":"ListItem","position":2,"name":"Comment d\u00e9carboner les syst\u00e8mes \u00e9nerg\u00e9tiques des \u00eeles ?"}]},{"@type":"WebSite","@id":"https:\/\/maesha.eu\/#website","url":"https:\/\/maesha.eu\/","name":"MAESHA","description":"Decarbonizing the energy system of Mayotte and other European islands","potentialAction":[{"@type":"SearchAction","target":{"@type":"EntryPoint","urlTemplate":"https:\/\/maesha.eu\/?s={search_term_string}"},"query-input":{"@type":"PropertyValueSpecification","valueRequired":true,"valueName":"search_term_string"}}],"inLanguage":"fr-FR"}]}},"_links":{"self":[{"href":"https:\/\/maesha.eu\/fr\/wp-json\/wp\/v2\/pages\/959","targetHints":{"allow":["GET"]}}],"collection":[{"href":"https:\/\/maesha.eu\/fr\/wp-json\/wp\/v2\/pages"}],"about":[{"href":"https:\/\/maesha.eu\/fr\/wp-json\/wp\/v2\/types\/page"}],"author":[{"embeddable":true,"href":"https:\/\/maesha.eu\/fr\/wp-json\/wp\/v2\/users\/1"}],"replies":[{"embeddable":true,"href":"https:\/\/maesha.eu\/fr\/wp-json\/wp\/v2\/comments?post=959"}],"version-history":[{"count":2,"href":"https:\/\/maesha.eu\/fr\/wp-json\/wp\/v2\/pages\/959\/revisions"}],"predecessor-version":[{"id":961,"href":"https:\/\/maesha.eu\/fr\/wp-json\/wp\/v2\/pages\/959\/revisions\/961"}],"wp:attachment":[{"href":"https:\/\/maesha.eu\/fr\/wp-json\/wp\/v2\/media?parent=959"}],"curies":[{"name":"wp","href":"https:\/\/api.w.org\/{rel}","templated":true}]}}