{"id":968,"date":"2021-02-18T08:59:52","date_gmt":"2021-02-18T08:59:52","guid":{"rendered":"http:\/\/maesha.eu\/nouvelles-et-evenements\/"},"modified":"2022-09-20T16:10:33","modified_gmt":"2022-09-20T16:10:33","slug":"nouvelles-et-evenements","status":"publish","type":"page","link":"https:\/\/maesha.eu\/fr\/nouvelles-et-evenements\/","title":{"rendered":"Nouvelles et \u00e9v\u00e9nements"},"content":{"rendered":"<p>[et_pb_section fb_built=\u00a0\u00bb1&Prime; module_id=\u00a0\u00bbnews\u00a0\u00bb _builder_version=\u00a0\u00bb4.9.0&Prime; _module_preset=\u00a0\u00bbdefault\u00a0\u00bb][et_pb_row _builder_version=\u00a0\u00bb4.9.0&Prime; _module_preset=\u00a0\u00bbdefault\u00a0\u00bb][et_pb_column type=\u00a0\u00bb4_4&Prime; _builder_version=\u00a0\u00bb4.9.0&Prime; _module_preset=\u00a0\u00bbdefault\u00a0\u00bb][et_pb_text _builder_version=\u00a0\u00bb4.9.0&Prime; _module_preset=\u00a0\u00bbdefault\u00a0\u00bb]<\/p>\n<h1>Nouvelles et \u00e9v\u00e9nements<\/h1>\n<p>[\/et_pb_text][et_pb_text _builder_version=\u00a0\u00bb4.9.0&Prime; _module_preset=\u00a0\u00bbdefault\u00a0\u00bb]Pour \u00eatre inform\u00e9 r\u00e9guli\u00e8rement sur le projet, suivez-nous sur notre page LinkedIn H2020 MAESHA, et sur Twitter avec @H2020MAESHA.[\/et_pb_text][et_pb_code _builder_version=\u00a0\u00bb4.9.0&Prime; _module_preset=\u00a0\u00bbdefault\u00a0\u00bb width=\u00a0\u00bb15%\u00a0\u00bb module_alignment=\u00a0\u00bbcenter\u00a0\u00bb]<\/p>\n<div class=\"row justify-content-center social-icons\"><!-- [et_pb_line_break_holder] --><!-- [et_pb_line_break_holder] --><\/p>\n<div class=\"col\"><!-- [et_pb_line_break_holder] --> <a href=\"https:\/\/twitter.com\/H2020Maesha\" target=\"_blank\" rel=\"noopener\"><!-- [et_pb_line_break_holder] --> <img decoding=\"async\" class=\"icon\" src=\"http:\/\/maesha.eu\/wp-content\/uploads\/2021\/02\/twitter.png\" alt=\"icon\"><!-- [et_pb_line_break_holder] --> <\/a><!-- [et_pb_line_break_holder] --><\/div>\n<p><!-- [et_pb_line_break_holder] --><!-- [et_pb_line_break_holder] --><!-- [et_pb_line_break_holder] --><\/p>\n<div class=\"col\"><!-- [et_pb_line_break_holder] --> <a href=\"https:\/\/www.linkedin.com\/company\/h2020-maesha\/\" target=\"_blank\" rel=\"noopener\"><!-- [et_pb_line_break_holder] --> <img decoding=\"async\" class=\"icon\" src=\"http:\/\/maesha.eu\/wp-content\/uploads\/2021\/02\/linkedin.png\" alt=\"icon\"><!-- [et_pb_line_break_holder] --> <\/a><!-- [et_pb_line_break_holder] --><\/div>\n<p><!-- [et_pb_line_break_holder] --><!-- [et_pb_line_break_holder] --> <!-- [et_pb_line_break_holder] --><!-- [et_pb_line_break_holder] --><!-- [et_pb_line_break_holder] --><\/div>\n<p>[\/et_pb_code][\/et_pb_column][\/et_pb_row][et_pb_row column_structure=\u00a0\u00bb1_2,1_2&Prime; _builder_version=\u00a0\u00bb4.9.0&Prime; _module_preset=\u00a0\u00bbdefault\u00a0\u00bb][et_pb_column type=\u00a0\u00bb1_2&Prime; _builder_version=\u00a0\u00bb4.9.0&Prime; _module_preset=\u00a0\u00bbdefault\u00a0\u00bb][et_pb_code _builder_version=\u00a0\u00bb4.9.0&Prime; _module_preset=\u00a0\u00bbdefault\u00a0\u00bb]<iframe loading=\"lazy\" title=\"Embedded post\" src=\"https:\/\/www.linkedin.com\/embed\/feed\/update\/urn:li:share:6803691198281203712\" width=\"504\" height=\"790\" frameborder=\"0\" allowfullscreen=\"allowfullscreen\"><\/iframe>[\/et_pb_code][\/et_pb_column][et_pb_column type=\u00a0\u00bb1_2&Prime; _builder_version=\u00a0\u00bb4.9.0&Prime; _module_preset=\u00a0\u00bbdefault\u00a0\u00bb][et_pb_code _builder_version=\u00a0\u00bb4.9.0&Prime; _module_preset=\u00a0\u00bbdefault\u00a0\u00bb]<iframe loading=\"lazy\" title=\"Embedded post\" src=\"https:\/\/www.linkedin.com\/embed\/feed\/update\/urn:li:share:6789873800952475648\" width=\"504\" height=\"655\" frameborder=\"0\" allowfullscreen=\"allowfullscreen\"><\/iframe>[\/et_pb_code][\/et_pb_column][\/et_pb_row][et_pb_row column_structure=\u00a0\u00bb1_2,1_2&Prime; _builder_version=\u00a0\u00bb4.9.0&Prime; _module_preset=\u00a0\u00bbdefault\u00a0\u00bb][et_pb_column type=\u00a0\u00bb1_2&Prime; _builder_version=\u00a0\u00bb4.9.0&Prime; _module_preset=\u00a0\u00bbdefault\u00a0\u00bb][et_pb_code _builder_version=\u00a0\u00bb4.9.0&Prime; _module_preset=\u00a0\u00bbdefault\u00a0\u00bb]<iframe loading=\"lazy\" title=\"Embedded post\" src=\"https:\/\/www.linkedin.com\/embed\/feed\/update\/urn:li:share:6775728605193363458\" width=\"504\" height=\"962\" frameborder=\"0\" allowfullscreen=\"allowfullscreen\"><\/iframe>[\/et_pb_code][\/et_pb_column][et_pb_column type=\u00a0\u00bb1_2&Prime; _builder_version=\u00a0\u00bb4.9.0&Prime; _module_preset=\u00a0\u00bbdefault\u00a0\u00bb][et_pb_code _builder_version=\u00a0\u00bb4.9.0&Prime; _module_preset=\u00a0\u00bbdefault\u00a0\u00bb]<iframe loading=\"lazy\" title=\"Embedded post\" src=\"https:\/\/www.linkedin.com\/embed\/feed\/update\/urn:li:share:6746741115514306562\" width=\"504\" height=\"517\" frameborder=\"0\" allowfullscreen=\"allowfullscreen\"><\/iframe>[\/et_pb_code][\/et_pb_column][\/et_pb_row][et_pb_row column_structure=\u00a0\u00bb1_2,1_2&Prime; _builder_version=\u00a0\u00bb4.9.0&Prime; _module_preset=\u00a0\u00bbdefault\u00a0\u00bb][et_pb_column type=\u00a0\u00bb1_2&Prime; _builder_version=\u00a0\u00bb4.9.0&Prime; _module_preset=\u00a0\u00bbdefault\u00a0\u00bb][et_pb_code _builder_version=\u00a0\u00bb4.9.0&Prime; _module_preset=\u00a0\u00bbdefault\u00a0\u00bb]<iframe loading=\"lazy\" title=\"Embedded post\" src=\"https:\/\/www.linkedin.com\/embed\/feed\/update\/urn:li:share:6744551321866670080\" width=\"504\" height=\"510\" frameborder=\"0\" allowfullscreen=\"allowfullscreen\"><\/iframe>[\/et_pb_code][\/et_pb_column][et_pb_column type=\u00a0\u00bb1_2&Prime; _builder_version=\u00a0\u00bb4.9.0&Prime; _module_preset=\u00a0\u00bbdefault\u00a0\u00bb][et_pb_code _builder_version=\u00a0\u00bb4.9.0&Prime; _module_preset=\u00a0\u00bbdefault\u00a0\u00bb]<iframe loading=\"lazy\" title=\"Embedded post\" src=\"https:\/\/www.linkedin.com\/embed\/feed\/update\/urn:li:share:6735577575948599296\" width=\"504\" height=\"886\" frameborder=\"0\" allowfullscreen=\"allowfullscreen\"><\/iframe>[\/et_pb_code][\/et_pb_column][\/et_pb_row][\/et_pb_section][et_pb_section fb_built=\u00a0\u00bb1&Prime; _builder_version=\u00a0\u00bb4.9.0&Prime; _module_preset=\u00a0\u00bbdefault\u00a0\u00bb global_module=\u00a0\u00bb334&Prime; saved_tabs=\u00a0\u00bball\u00a0\u00bb][et_pb_row column_structure=\u00a0\u00bb3_5,2_5&Prime; _builder_version=\u00a0\u00bb4.9.0&Prime; _module_preset=\u00a0\u00bbdefault\u00a0\u00bb width=\u00a0\u00bb100%\u00a0\u00bb custom_css_main_element=\u00a0\u00bbdisplay: flex;||align-items: center;\u00a0\u00bb][et_pb_column type=\u00a0\u00bb3_5&Prime; _builder_version=\u00a0\u00bb4.9.0&Prime; _module_preset=\u00a0\u00bbdefault\u00a0\u00bb][et_pb_code _builder_version=\u00a0\u00bb4.9.0&Prime; _module_preset=\u00a0\u00bbdefault\u00a0\u00bb custom_css_main_element=\u00a0\u00bbdisplay: flex;||\u00a0\u00bb]<\/p>\n<div class=\"row align-items-center\"><!-- [et_pb_line_break_holder] -->  <\/p>\n<div class=\"col-3\"><!-- [et_pb_line_break_holder] -->  \t<img decoding=\"async\" src=\"http:\/\/maesha.eu\/wp-content\/uploads\/2021\/02\/eu-flag.png\" alt=\"eu-flag\"><!-- [et_pb_line_break_holder] -->\t<\/div>\n<p><!-- [et_pb_line_break_holder] -->  <\/p>\n<div class=\"col\"><!-- [et_pb_line_break_holder] -->  \t<pee><!-- [et_pb_line_break_holder] --> Ce projet a re\u00e7u un financement de l\u2019Union Europ\u00e9enne dans le cadre du programme de recherche et d\u2019innovation Horizon 2020 par l\u2019accord de financement n\u00b0957843. Cette publication ne refl\u00e8te que le point de vue de l&rsquo;auteur et l&rsquo;Union europ\u00e9enne ne peut \u00eatre tenue responsable de l&rsquo;usage qui pourrait \u00eatre fait des informations qu&rsquo;elle contient.<!-- [et_pb_line_break_holder] -->    <\/pee><!-- [et_pb_line_break_holder] -->\t<\/div>\n<p><!-- [et_pb_line_break_holder] --><\/div>\n<p>[\/et_pb_code][\/et_pb_column][et_pb_column type=\u00a0\u00bb2_5&Prime; module_id=\u00a0\u00bbnewsletter\u00a0\u00bb _builder_version=\u00a0\u00bb4.9.0&Prime; _module_preset=\u00a0\u00bbdefault\u00a0\u00bb][et_pb_text _builder_version=\u00a0\u00bb4.9.0&Prime; _module_preset=\u00a0\u00bbdefault\u00a0\u00bb]<\/p>\n<h1>S&rsquo;abonner \u00e0 notre newsletter (anglais)<\/h1>\n<p>[\/et_pb_text][et_pb_code _builder_version=\u00a0\u00bb4.9.0&Prime; _module_preset=\u00a0\u00bbdefault\u00a0\u00bb]<script>(function() {\n\twindow.mc4wp = window.mc4wp || {\n\t\tlisteners: [],\n\t\tforms: {\n\t\t\ton: function(evt, cb) {\n\t\t\t\twindow.mc4wp.listeners.push(\n\t\t\t\t\t{\n\t\t\t\t\t\tevent   : evt,\n\t\t\t\t\t\tcallback: cb\n\t\t\t\t\t}\n\t\t\t\t);\n\t\t\t}\n\t\t}\n\t}\n})();\n<\/script><!-- Mailchimp for WordPress v4.12.1 - https:\/\/wordpress.org\/plugins\/mailchimp-for-wp\/ --><form id=\"mc4wp-form-1\" class=\"mc4wp-form mc4wp-form-93 mc4wp-form-theme mc4wp-form-theme-blue\" method=\"post\" data-id=\"93\" data-name=\"Newsletter Form\" ><div class=\"mc4wp-form-fields\">    <input class=\"newsletter-input\" type=\"text\" name=\"FNAME\" placeholder=\"First Name *\" required=\"\">\r\n\r\n\t<input class=\"newsletter-input\" type=\"text\" name=\"LNAME\" placeholder=\"Last Name *\" required=\"\">    \r\n\r\n\t<input class=\"newsletter-input\" type=\"email\" name=\"EMAIL\" placeholder=\"Your Email Address *\" required \/>\r\n\r\n    <select class=\"newsletter-input\" id=\"language-select\" name=\"MMERGE3\" required=\"\">\r\n        <option disabled=\"\" value=\"\" selected=\"true\">Language *<\/option>\r\n        <option value=\"English\">English<\/option>\r\n        <option value=\"Fran\u00e7ais\">Fran\u00e7ais<\/option>\r\n        <option value=\"Deutsche\">Deutsche<\/option>\r\n        <option value=\"Espa\u00f1ol\">Espa\u00f1ol<\/option>\r\n        <option value=\"\u0395\u03bb\u03bb\u03b7\u03bd\u03b9\u03ba\u03ac\">\u0395\u03bb\u03bb\u03b7\u03bd\u03b9\u03ba\u03ac<\/option>\r\n        <option value=\"Italiano\">Italiano<\/option>\r\n    <\/select>\r\n\r\n\r\n\r\n\r\n\t<input class=\"newsletter-btn\" type=\"submit\" value=\"Subscribe\" \/>\r\n<\/div><label style=\"display: none !important;\">Laissez ce champ vide si vous \u00eates humain\u00a0: <input type=\"text\" name=\"_mc4wp_honeypot\" value=\"\" tabindex=\"-1\" autocomplete=\"off\" \/><\/label><input type=\"hidden\" name=\"_mc4wp_timestamp\" value=\"1775520737\" \/><input type=\"hidden\" name=\"_mc4wp_form_id\" value=\"93\" \/><input type=\"hidden\" name=\"_mc4wp_form_element_id\" value=\"mc4wp-form-1\" \/><div class=\"mc4wp-response\"><\/div><\/form><!-- \/ Mailchimp for WordPress Plugin -->[\/et_pb_code][\/et_pb_column][\/et_pb_row][\/et_pb_section]<\/p>\n","protected":false},"excerpt":{"rendered":"<p>Nouvelles et \u00e9v\u00e9nementsPour \u00eatre inform\u00e9 r\u00e9guli\u00e8rement sur le projet, suivez-nous sur notre page LinkedIn H2020 MAESHA, et sur Twitter avec @H2020MAESHA.S&rsquo;abonner \u00e0 notre newsletter (anglais)<script>(function() {\n\twindow.mc4wp = window.mc4wp || {\n\t\tlisteners: [],\n\t\tforms: {\n\t\t\ton: function(evt, cb) {\n\t\t\t\twindow.mc4wp.listeners.push(\n\t\t\t\t\t{\n\t\t\t\t\t\tevent   : evt,\n\t\t\t\t\t\tcallback: cb\n\t\t\t\t\t}\n\t\t\t\t);\n\t\t\t}\n\t\t}\n\t}\n})();\n<\/script><!-- Mailchimp for WordPress v4.12.1 - https:\/\/wordpress.org\/plugins\/mailchimp-for-wp\/ --><form id=\"mc4wp-form-2\" class=\"mc4wp-form mc4wp-form-93 mc4wp-form-theme mc4wp-form-theme-blue\" method=\"post\" data-id=\"93\" data-name=\"Newsletter Form\" ><div class=\"mc4wp-form-fields\">    <input class=\"newsletter-input\" type=\"text\" name=\"FNAME\" placeholder=\"First Name *\" required=\"\">\r\n\r\n\t<input class=\"newsletter-input\" type=\"text\" name=\"LNAME\" placeholder=\"Last Name *\" required=\"\">    \r\n\r\n\t<input class=\"newsletter-input\" type=\"email\" name=\"EMAIL\" placeholder=\"Your Email Address *\" required \/>\r\n\r\n    <select class=\"newsletter-input\" id=\"language-select\" name=\"MMERGE3\" required=\"\">\r\n        <option disabled=\"\" value=\"\" selected=\"true\">Language *<\/option>\r\n        <option value=\"English\">English<\/option>\r\n        <option value=\"Fran\u00e7ais\">Fran\u00e7ais<\/option>\r\n        <option value=\"Deutsche\">Deutsche<\/option>\r\n        <option value=\"Espa\u00f1ol\">Espa\u00f1ol<\/option>\r\n        <option value=\"\u0395\u03bb\u03bb\u03b7\u03bd\u03b9\u03ba\u03ac\">\u0395\u03bb\u03bb\u03b7\u03bd\u03b9\u03ba\u03ac<\/option>\r\n        <option value=\"Italiano\">Italiano<\/option>\r\n    <\/select>\r\n\r\n\r\n\r\n\r\n\t<input class=\"newsletter-btn\" type=\"submit\" value=\"Subscribe\" \/>\r\n<\/div><label style=\"display: none !important;\">Laissez ce champ vide si vous \u00eates humain\u00a0: <input type=\"text\" name=\"_mc4wp_honeypot\" value=\"\" tabindex=\"-1\" autocomplete=\"off\" \/><\/label><input type=\"hidden\" name=\"_mc4wp_timestamp\" value=\"1775520737\" \/><input type=\"hidden\" name=\"_mc4wp_form_id\" value=\"93\" \/><input type=\"hidden\" name=\"_mc4wp_form_element_id\" value=\"mc4wp-form-2\" \/><div class=\"mc4wp-response\"><\/div><\/form><!-- \/ Mailchimp for WordPress Plugin --><\/p>\n","protected":false},"author":1,"featured_media":0,"parent":0,"menu_order":0,"comment_status":"closed","ping_status":"closed","template":"","meta":{"_et_pb_use_builder":"on","_et_pb_old_content":"","_et_gb_content_width":"","footnotes":""},"class_list":["post-968","page","type-page","status-publish","hentry"],"yoast_head":"<!-- This site is optimized with the Yoast SEO plugin v27.3 - https:\/\/yoast.com\/product\/yoast-seo-wordpress\/ -->\n<title>Nouvelles et \u00e9v\u00e9nements - MAESHA<\/title>\n<meta name=\"robots\" content=\"index, follow, max-snippet:-1, max-image-preview:large, max-video-preview:-1\" \/>\n<link rel=\"canonical\" href=\"https:\/\/maesha.eu\/fr\/nouvelles-et-evenements\/\" \/>\n<meta property=\"og:locale\" content=\"fr_FR\" \/>\n<meta property=\"og:type\" content=\"article\" \/>\n<meta property=\"og:title\" content=\"Nouvelles et \u00e9v\u00e9nements - MAESHA\" \/>\n<meta property=\"og:description\" content=\"Nouvelles et \u00e9v\u00e9nementsPour \u00eatre inform\u00e9 r\u00e9guli\u00e8rement sur le projet, suivez-nous sur notre page LinkedIn H2020 MAESHA, et sur Twitter avec @H2020MAESHA.S&#039;abonner \u00e0 notre newsletter (anglais)\" \/>\n<meta property=\"og:url\" content=\"https:\/\/maesha.eu\/fr\/nouvelles-et-evenements\/\" \/>\n<meta property=\"og:site_name\" content=\"MAESHA\" \/>\n<meta property=\"article:modified_time\" content=\"2022-09-20T16:10:33+00:00\" \/>\n<meta property=\"og:image\" content=\"http:\/\/maesha.eu\/wp-content\/uploads\/2021\/02\/twitter.png\" \/>\n<meta name=\"twitter:card\" content=\"summary_large_image\" \/>\n<meta name=\"twitter:label1\" content=\"Dur\u00e9e de lecture estim\u00e9e\" \/>\n\t<meta name=\"twitter:data1\" content=\"2 minutes\" \/>\n<script type=\"application\/ld+json\" class=\"yoast-schema-graph\">{\"@context\":\"https:\\\/\\\/schema.org\",\"@graph\":[{\"@type\":\"WebPage\",\"@id\":\"https:\\\/\\\/maesha.eu\\\/fr\\\/nouvelles-et-evenements\\\/\",\"url\":\"https:\\\/\\\/maesha.eu\\\/fr\\\/nouvelles-et-evenements\\\/\",\"name\":\"Nouvelles et \u00e9v\u00e9nements - MAESHA\",\"isPartOf\":{\"@id\":\"https:\\\/\\\/maesha.eu\\\/#website\"},\"primaryImageOfPage\":{\"@id\":\"https:\\\/\\\/maesha.eu\\\/fr\\\/nouvelles-et-evenements\\\/#primaryimage\"},\"image\":{\"@id\":\"https:\\\/\\\/maesha.eu\\\/fr\\\/nouvelles-et-evenements\\\/#primaryimage\"},\"thumbnailUrl\":\"http:\\\/\\\/maesha.eu\\\/wp-content\\\/uploads\\\/2021\\\/02\\\/twitter.png\",\"datePublished\":\"2021-02-18T08:59:52+00:00\",\"dateModified\":\"2022-09-20T16:10:33+00:00\",\"breadcrumb\":{\"@id\":\"https:\\\/\\\/maesha.eu\\\/fr\\\/nouvelles-et-evenements\\\/#breadcrumb\"},\"inLanguage\":\"fr-FR\",\"potentialAction\":[{\"@type\":\"ReadAction\",\"target\":[\"https:\\\/\\\/maesha.eu\\\/fr\\\/nouvelles-et-evenements\\\/\"]}]},{\"@type\":\"ImageObject\",\"inLanguage\":\"fr-FR\",\"@id\":\"https:\\\/\\\/maesha.eu\\\/fr\\\/nouvelles-et-evenements\\\/#primaryimage\",\"url\":\"http:\\\/\\\/maesha.eu\\\/wp-content\\\/uploads\\\/2021\\\/02\\\/twitter.png\",\"contentUrl\":\"http:\\\/\\\/maesha.eu\\\/wp-content\\\/uploads\\\/2021\\\/02\\\/twitter.png\"},{\"@type\":\"BreadcrumbList\",\"@id\":\"https:\\\/\\\/maesha.eu\\\/fr\\\/nouvelles-et-evenements\\\/#breadcrumb\",\"itemListElement\":[{\"@type\":\"ListItem\",\"position\":1,\"name\":\"Home\",\"item\":\"https:\\\/\\\/maesha.eu\\\/fr\\\/\"},{\"@type\":\"ListItem\",\"position\":2,\"name\":\"Nouvelles et \u00e9v\u00e9nements\"}]},{\"@type\":\"WebSite\",\"@id\":\"https:\\\/\\\/maesha.eu\\\/#website\",\"url\":\"https:\\\/\\\/maesha.eu\\\/\",\"name\":\"MAESHA\",\"description\":\"Decarbonizing the energy system of Mayotte and other European islands\",\"potentialAction\":[{\"@type\":\"SearchAction\",\"target\":{\"@type\":\"EntryPoint\",\"urlTemplate\":\"https:\\\/\\\/maesha.eu\\\/?s={search_term_string}\"},\"query-input\":{\"@type\":\"PropertyValueSpecification\",\"valueRequired\":true,\"valueName\":\"search_term_string\"}}],\"inLanguage\":\"fr-FR\"}]}<\/script>\n<!-- \/ Yoast SEO plugin. -->","yoast_head_json":{"title":"Nouvelles et \u00e9v\u00e9nements - MAESHA","robots":{"index":"index","follow":"follow","max-snippet":"max-snippet:-1","max-image-preview":"max-image-preview:large","max-video-preview":"max-video-preview:-1"},"canonical":"https:\/\/maesha.eu\/fr\/nouvelles-et-evenements\/","og_locale":"fr_FR","og_type":"article","og_title":"Nouvelles et \u00e9v\u00e9nements - MAESHA","og_description":"Nouvelles et \u00e9v\u00e9nementsPour \u00eatre inform\u00e9 r\u00e9guli\u00e8rement sur le projet, suivez-nous sur notre page LinkedIn H2020 MAESHA, et sur Twitter avec @H2020MAESHA.S'abonner \u00e0 notre newsletter (anglais)","og_url":"https:\/\/maesha.eu\/fr\/nouvelles-et-evenements\/","og_site_name":"MAESHA","article_modified_time":"2022-09-20T16:10:33+00:00","og_image":[{"url":"http:\/\/maesha.eu\/wp-content\/uploads\/2021\/02\/twitter.png","type":"","width":"","height":""}],"twitter_card":"summary_large_image","twitter_misc":{"Dur\u00e9e de lecture estim\u00e9e":"2 minutes"},"schema":{"@context":"https:\/\/schema.org","@graph":[{"@type":"WebPage","@id":"https:\/\/maesha.eu\/fr\/nouvelles-et-evenements\/","url":"https:\/\/maesha.eu\/fr\/nouvelles-et-evenements\/","name":"Nouvelles et \u00e9v\u00e9nements - MAESHA","isPartOf":{"@id":"https:\/\/maesha.eu\/#website"},"primaryImageOfPage":{"@id":"https:\/\/maesha.eu\/fr\/nouvelles-et-evenements\/#primaryimage"},"image":{"@id":"https:\/\/maesha.eu\/fr\/nouvelles-et-evenements\/#primaryimage"},"thumbnailUrl":"http:\/\/maesha.eu\/wp-content\/uploads\/2021\/02\/twitter.png","datePublished":"2021-02-18T08:59:52+00:00","dateModified":"2022-09-20T16:10:33+00:00","breadcrumb":{"@id":"https:\/\/maesha.eu\/fr\/nouvelles-et-evenements\/#breadcrumb"},"inLanguage":"fr-FR","potentialAction":[{"@type":"ReadAction","target":["https:\/\/maesha.eu\/fr\/nouvelles-et-evenements\/"]}]},{"@type":"ImageObject","inLanguage":"fr-FR","@id":"https:\/\/maesha.eu\/fr\/nouvelles-et-evenements\/#primaryimage","url":"http:\/\/maesha.eu\/wp-content\/uploads\/2021\/02\/twitter.png","contentUrl":"http:\/\/maesha.eu\/wp-content\/uploads\/2021\/02\/twitter.png"},{"@type":"BreadcrumbList","@id":"https:\/\/maesha.eu\/fr\/nouvelles-et-evenements\/#breadcrumb","itemListElement":[{"@type":"ListItem","position":1,"name":"Home","item":"https:\/\/maesha.eu\/fr\/"},{"@type":"ListItem","position":2,"name":"Nouvelles et \u00e9v\u00e9nements"}]},{"@type":"WebSite","@id":"https:\/\/maesha.eu\/#website","url":"https:\/\/maesha.eu\/","name":"MAESHA","description":"Decarbonizing the energy system of Mayotte and other European islands","potentialAction":[{"@type":"SearchAction","target":{"@type":"EntryPoint","urlTemplate":"https:\/\/maesha.eu\/?s={search_term_string}"},"query-input":{"@type":"PropertyValueSpecification","valueRequired":true,"valueName":"search_term_string"}}],"inLanguage":"fr-FR"}]}},"_links":{"self":[{"href":"https:\/\/maesha.eu\/fr\/wp-json\/wp\/v2\/pages\/968","targetHints":{"allow":["GET"]}}],"collection":[{"href":"https:\/\/maesha.eu\/fr\/wp-json\/wp\/v2\/pages"}],"about":[{"href":"https:\/\/maesha.eu\/fr\/wp-json\/wp\/v2\/types\/page"}],"author":[{"embeddable":true,"href":"https:\/\/maesha.eu\/fr\/wp-json\/wp\/v2\/users\/1"}],"replies":[{"embeddable":true,"href":"https:\/\/maesha.eu\/fr\/wp-json\/wp\/v2\/comments?post=968"}],"version-history":[{"count":2,"href":"https:\/\/maesha.eu\/fr\/wp-json\/wp\/v2\/pages\/968\/revisions"}],"predecessor-version":[{"id":970,"href":"https:\/\/maesha.eu\/fr\/wp-json\/wp\/v2\/pages\/968\/revisions\/970"}],"wp:attachment":[{"href":"https:\/\/maesha.eu\/fr\/wp-json\/wp\/v2\/media?parent=968"}],"curies":[{"name":"wp","href":"https:\/\/api.w.org\/{rel}","templated":true}]}}